{"id":5797,"date":"2023-09-12T10:15:05","date_gmt":"2023-09-12T14:15:05","guid":{"rendered":"https:\/\/monastere.ca\/netiquette\/"},"modified":"2023-09-26T09:55:38","modified_gmt":"2023-09-26T13:55:38","slug":"netiquette","status":"publish","type":"page","link":"https:\/\/monastere.ca\/en\/netiquette\/","title":{"rendered":"Netiquette"},"content":{"rendered":"<div class=\"item wysiwyg component-image\" ><div class=\"container\">\n<figure class=\"wp-block-image size-full\"><img loading=\"lazy\" decoding=\"async\" width=\"1440\" height=\"480\" src=\"https:\/\/monastere.ca\/wp-content\/uploads\/2023\/07\/bandeau-sejourner.jpg\" alt=\"\" class=\"wp-image-17\" srcset=\"https:\/\/monastere.ca\/wp-content\/uploads\/2023\/07\/bandeau-sejourner.jpg 1440w, https:\/\/monastere.ca\/wp-content\/uploads\/2023\/07\/bandeau-sejourner-700x233.jpg 700w, https:\/\/monastere.ca\/wp-content\/uploads\/2023\/07\/bandeau-sejourner-1024x341.jpg 1024w, https:\/\/monastere.ca\/wp-content\/uploads\/2023\/07\/bandeau-sejourner-768x256.jpg 768w, https:\/\/monastere.ca\/wp-content\/uploads\/2023\/07\/bandeau-sejourner-400x133.jpg 400w, https:\/\/monastere.ca\/wp-content\/uploads\/2023\/07\/bandeau-sejourner-100x33.jpg 100w\" sizes=\"auto, (max-width: 1440px) 100vw, 1440px\" \/><\/figure>\n<\/div><\/div>\n\n<div class=\"item wysiwyg component-columns\" ><div class=\"container\">\n<div class=\"wp-block-columns is-layout-flex wp-container-core-columns-is-layout-9d6595d7 wp-block-columns-is-layout-flex\">\n<div class=\"wp-block-column is-layout-flow wp-block-column-is-layout-flow\">\n            <div class=\"block-title-symbol item component-block-title-symbol\">\n                            <div class=\"container block-title-symbol__container--align-hori\">\n                    <div class=\"block-title-symbol__title-align\">\n                        <svg width=\"16px\" height=\"18px\">\n                            <use xlink:href=\"#ico-diamond\"><\/use>\n                        <\/svg>\n                        <h2 class=\"block-title-symbol__title block-title-symbol__title--big\">About our netiquette<\/h2>\n\n                                                                    <\/div>\n\n                <\/div>\n                                <\/div>\n    <\/div>\n\n\n\n<div class=\"wp-block-column is-layout-flow wp-block-column-is-layout-flow\"><div class=\"item wysiwyg component-paragraph\" ><div class=\"container\">\n<p class=\"\">Le Monast\u00e8re has a presence on various social media platforms, and we invite you to consult our social media pages and express yourself there. Our netiquette sets out the rules of conduct and respect that must be adhered to by our followers and any other users who interact on our social media pages. It also sets out the rules for moderating comments. We are counting on all of you to apply good judgment and treat others fairly.<\/p>\n<\/div><\/div><\/div>\n<\/div>\n<\/div><\/div>\n\n<div class=\"item wysiwyg component-columns\" ><div class=\"container\">\n<div class=\"wp-block-columns is-layout-flex wp-container-core-columns-is-layout-9d6595d7 wp-block-columns-is-layout-flex\">\n<div class=\"wp-block-column is-layout-flow wp-block-column-is-layout-flow\" style=\"flex-basis:15%\"><\/div>\n\n\n\n<div class=\"wp-block-column is-layout-flow wp-block-column-is-layout-flow\" style=\"flex-basis:70%\"><div class=\"item wysiwyg component-heading\" ><div class=\"container\">\n<h2 class=\"wp-block-heading is-style-h3\">Rules of conduct and respect<\/h2>\n<\/div><\/div>\n\n<div class=\"item wysiwyg component-paragraph\" ><div class=\"container\">\n<p class=\"\">For centuries, from within their cloistered walls, the Augustinian Sisters have promoted to Quebec society the values of compassion, openness and respect for all. We therefore invite you to uphold these values in the comments that you share with Le Monast\u00e8re\u2019s community. We ask that you remain inclusive, maintain a positive and respectful tone, and avoid trying to enforce your opinion on others.<\/p>\n<\/div><\/div>\n\n<div class=\"item wysiwyg component-paragraph\" ><div class=\"container\">\n<p class=\"\"><strong><strong>The following will not be tolerated on our social media pages:&nbsp;&nbsp;<\/strong><\/strong><\/p>\n<\/div><\/div>\n\n<div class=\"item wysiwyg component-list\" ><div class=\"container\">\n<ul class=\"wp-block-list\">\n<li>Comments that are offensive, discriminatory, indecent, racist, obscene, disparaging, hateful, harassing, defamatory or insulting.<\/li>\n\n\n\n<li>Content that could cause prejudice to our clients, our employees, the Augustinians Sisters or our business partners.<\/li>\n\n\n\n<li>Content that may contain personal information such as phone numbers or email addresses.<\/li>\n<\/ul>\n<\/div><\/div>\n\n<div class=\"item wysiwyg component-paragraph\" ><div class=\"container\">\n<p class=\"\">Le Monast\u00e8re is an open space that welcomes visitors from around the world, no matter what their cultural or religious background may be. Here, we encourage everyone to live their spirituality in their own private way. We approach religion from a historical and cultural perspective. <strong>As such, debating questions of religious beliefs or any other form of allegiance is not permitted on our social media networks.&nbsp;<\/strong><\/p>\n<\/div><\/div>\n\n<div class=\"item wysiwyg component-heading\" ><div class=\"container\">\n<h2 class=\"wp-block-heading is-style-h3\">Moderation<\/h2>\n<\/div><\/div>\n\n<div class=\"item wysiwyg component-paragraph\" ><div class=\"container\">\n<p class=\"\">To preserve a positive, caring atmosphere and encourage constructive discussions:&nbsp;<\/p>\n<\/div><\/div>\n\n<div class=\"item wysiwyg component-list\" ><div class=\"container\">\n<ul class=\"wp-block-list\">\n<li>Le Monast\u00e8re reserves the right to ignore, hide or delete any comment if it is offensive, discriminatory, indecent, racist, obscene, disparaging, hateful, harassing, defamatory or hurtful.<\/li>\n\n\n\n<li>Le Monast\u00e8re reserves the right to hide or delete a comment if it is unrelated or posted several times.<\/li>\n\n\n\n<li>Le Monast\u00e8re reserves the right to block or remove a follower if their actions are deemed to be inappropriate or harassing.<\/li>\n\n\n\n<li>Le Monast\u00e8re reserves the right to delete a comment if there is any doubt as to the identity of the author of said comment.<\/li>\n\n\n\n<li>Moderation usually takes place during office hours, Monday to Friday from 9\u202fa.m. to 5\u202fp.m.<\/li>\n<\/ul>\n<\/div><\/div>\n\n\n            <div class=\"block-title-symbol item component-block-title-symbol\">\n                            <div class=\"container block-title-symbol__container--align-hori\">\n                    <div class=\"block-title-symbol__title-align\">\n                        <svg width=\"16px\" height=\"18px\">\n                            <use xlink:href=\"#ico-diamond\"><\/use>\n                        <\/svg>\n                        <h2 class=\"block-title-symbol__title block-title-symbol__title--small\">Welcome to our caring community!<\/h2>\n\n                                                                    <\/div>\n\n                <\/div>\n                                <\/div>\n    \n\n<div class=\"item wysiwyg component-group\" ><div class=\"container\">\n<div class=\"wp-block-group is-style-group--is-highlight\"><div class=\"wp-block-group__inner-container is-layout-constrained wp-block-group-is-layout-constrained\"><div class=\"item wysiwyg component-paragraph\" ><div class=\"container\">\n<p class=\"\">Le Monast\u00e8re cannot be held responsible for content or opinions conveyed by users on its social media pages or platforms. Only the authors can be held accountable for their comments.&nbsp;Le Monast\u00e8re reserves the right to make changes to its netiquette at any time and without advance notice.<\/p>\n<\/div><\/div><\/div>\n<\/div><\/div><\/div><\/div>\n\n\n\n<div class=\"wp-block-column is-layout-flow wp-block-column-is-layout-flow\" style=\"flex-basis:15%\"><\/div>\n<\/div>\n<\/div><\/div>","protected":false},"excerpt":{"rendered":"Le Monast\u00e8re has a presence on various social media platforms, and we invite you to consult our social media pages and express yourself there. Our netiquette sets out the rules of conduct and respect that must be adhered to by our followers and any other users who interact on our social media pages. It also [&hellip;]","protected":false},"author":1,"featured_media":0,"parent":0,"menu_order":0,"comment_status":"closed","ping_status":"closed","template":"","meta":{"_acf_changed":false,"footnotes":""},"class_list":["post-5797","page","type-page","status-publish","hentry"],"acf":[],"yoast_head":"<!-- This site is optimized with the Yoast SEO plugin v25.0 - https:\/\/yoast.com\/wordpress\/plugins\/seo\/ -->\n<title>Netiquette - Monast\u00e8re des Augustines<\/title>\n<meta name=\"description\" content=\"Here are rules of conduct and respect on Le Monast\u00e8re des Augustines&#039; social media platforms.\" \/>\n<meta name=\"robots\" content=\"index, follow, max-snippet:-1, max-image-preview:large, max-video-preview:-1\" \/>\n<link rel=\"canonical\" href=\"https:\/\/monastere.ca\/en\/netiquette\/\" \/>\n<meta property=\"og:locale\" content=\"en_US\" \/>\n<meta property=\"og:type\" content=\"article\" \/>\n<meta property=\"og:title\" content=\"Netiquette - Monast\u00e8re des Augustines\" \/>\n<meta property=\"og:description\" content=\"Here are rules of conduct and respect on Le Monast\u00e8re des Augustines&#039; social media platforms.\" \/>\n<meta property=\"og:url\" content=\"https:\/\/monastere.ca\/en\/netiquette\/\" \/>\n<meta property=\"og:site_name\" content=\"Monast\u00e8re des Augustines\" \/>\n<meta property=\"article:publisher\" content=\"https:\/\/www.facebook.com\/monastere.ca\/?locale=fr_CA\" \/>\n<meta property=\"article:modified_time\" content=\"2023-09-26T13:55:38+00:00\" \/>\n<meta property=\"og:image\" content=\"https:\/\/monastere.ca\/wp-content\/uploads\/2023\/07\/bandeau-sejourner.jpg\" \/>\n<meta name=\"twitter:card\" content=\"summary_large_image\" \/>\n<meta name=\"twitter:label1\" content=\"Est. reading time\" \/>\n\t<meta name=\"twitter:data1\" content=\"3 minutes\" \/>\n<script type=\"application\/ld+json\" class=\"yoast-schema-graph\">{\"@context\":\"https:\/\/schema.org\",\"@graph\":[{\"@type\":\"WebPage\",\"@id\":\"https:\/\/monastere.ca\/en\/netiquette\/\",\"url\":\"https:\/\/monastere.ca\/en\/netiquette\/\",\"name\":\"Netiquette - Monast\u00e8re des Augustines\",\"isPartOf\":{\"@id\":\"https:\/\/monastere.ca\/en\/#website\"},\"primaryImageOfPage\":{\"@id\":\"https:\/\/monastere.ca\/en\/netiquette\/#primaryimage\"},\"image\":{\"@id\":\"https:\/\/monastere.ca\/en\/netiquette\/#primaryimage\"},\"thumbnailUrl\":\"https:\/\/monastere.ca\/wp-content\/uploads\/2023\/07\/bandeau-sejourner.jpg\",\"datePublished\":\"2023-09-12T14:15:05+00:00\",\"dateModified\":\"2023-09-26T13:55:38+00:00\",\"description\":\"Here are rules of conduct and respect on Le Monast\u00e8re des Augustines' social media platforms.\",\"breadcrumb\":{\"@id\":\"https:\/\/monastere.ca\/en\/netiquette\/#breadcrumb\"},\"inLanguage\":\"en-US\",\"potentialAction\":[{\"@type\":\"ReadAction\",\"target\":[\"https:\/\/monastere.ca\/en\/netiquette\/\"]}]},{\"@type\":\"ImageObject\",\"inLanguage\":\"en-US\",\"@id\":\"https:\/\/monastere.ca\/en\/netiquette\/#primaryimage\",\"url\":\"https:\/\/monastere.ca\/wp-content\/uploads\/2023\/07\/bandeau-sejourner.jpg\",\"contentUrl\":\"https:\/\/monastere.ca\/wp-content\/uploads\/2023\/07\/bandeau-sejourner.jpg\"},{\"@type\":\"BreadcrumbList\",\"@id\":\"https:\/\/monastere.ca\/en\/netiquette\/#breadcrumb\",\"itemListElement\":[{\"@type\":\"ListItem\",\"position\":1,\"name\":\"Accueil\",\"item\":\"https:\/\/monastere.ca\/en\/\"},{\"@type\":\"ListItem\",\"position\":2,\"name\":\"Netiquette\"}]},{\"@type\":\"WebSite\",\"@id\":\"https:\/\/monastere.ca\/en\/#website\",\"url\":\"https:\/\/monastere.ca\/en\/\",\"name\":\"Monast\u00e8re des Augustines\",\"description\":\"Monast\u00e8re des Augustines, un havre patrimonial authentique de sant\u00e9 et de mieux-\u00eatre avec atelier, spa, mus\u00e9e, restaurant et h\u00f4tellerie au Qu\u00e9bec.\",\"publisher\":{\"@id\":\"https:\/\/monastere.ca\/en\/#organization\"},\"potentialAction\":[{\"@type\":\"SearchAction\",\"target\":{\"@type\":\"EntryPoint\",\"urlTemplate\":\"https:\/\/monastere.ca\/en\/?s={search_term_string}\"},\"query-input\":{\"@type\":\"PropertyValueSpecification\",\"valueRequired\":true,\"valueName\":\"search_term_string\"}}],\"inLanguage\":\"en-US\"},{\"@type\":\"Organization\",\"@id\":\"https:\/\/monastere.ca\/en\/#organization\",\"name\":\"Monast\u00e8re des Augustines\",\"url\":\"https:\/\/monastere.ca\/en\/\",\"logo\":{\"@type\":\"ImageObject\",\"inLanguage\":\"en-US\",\"@id\":\"https:\/\/monastere.ca\/en\/#\/schema\/logo\/image\/\",\"url\":\"https:\/\/monastere.ca\/wp-content\/uploads\/2023\/07\/logo-monastere.svg\",\"contentUrl\":\"https:\/\/monastere.ca\/wp-content\/uploads\/2023\/07\/logo-monastere.svg\",\"width\":1,\"height\":1,\"caption\":\"Monast\u00e8re des Augustines\"},\"image\":{\"@id\":\"https:\/\/monastere.ca\/en\/#\/schema\/logo\/image\/\"},\"sameAs\":[\"https:\/\/www.facebook.com\/monastere.ca\/?locale=fr_CA\",\"https:\/\/www.instagram.com\/lemonasteredesaugustines\/\",\"https:\/\/www.linkedin.com\/company\/le-monastere-des-augustines\/?originalSubdomain=ca\",\"https:\/\/fr.tripadvisor.ca\/Hotel_Review-g155033-d8460643-Reviews-Le_Monastere_des_Augustines-Quebec_City_Quebec.html\"]}]}<\/script>\n<!-- \/ Yoast SEO plugin. -->","yoast_head_json":{"title":"Netiquette - Monast\u00e8re des Augustines","description":"Here are rules of conduct and respect on Le Monast\u00e8re des Augustines' social media platforms.","robots":{"index":"index","follow":"follow","max-snippet":"max-snippet:-1","max-image-preview":"max-image-preview:large","max-video-preview":"max-video-preview:-1"},"canonical":"https:\/\/monastere.ca\/en\/netiquette\/","og_locale":"en_US","og_type":"article","og_title":"Netiquette - Monast\u00e8re des Augustines","og_description":"Here are rules of conduct and respect on Le Monast\u00e8re des Augustines' social media platforms.","og_url":"https:\/\/monastere.ca\/en\/netiquette\/","og_site_name":"Monast\u00e8re des Augustines","article_publisher":"https:\/\/www.facebook.com\/monastere.ca\/?locale=fr_CA","article_modified_time":"2023-09-26T13:55:38+00:00","og_image":[{"url":"https:\/\/monastere.ca\/wp-content\/uploads\/2023\/07\/bandeau-sejourner.jpg","type":"","width":"","height":""}],"twitter_card":"summary_large_image","twitter_misc":{"Est. reading time":"3 minutes"},"schema":{"@context":"https:\/\/schema.org","@graph":[{"@type":"WebPage","@id":"https:\/\/monastere.ca\/en\/netiquette\/","url":"https:\/\/monastere.ca\/en\/netiquette\/","name":"Netiquette - Monast\u00e8re des Augustines","isPartOf":{"@id":"https:\/\/monastere.ca\/en\/#website"},"primaryImageOfPage":{"@id":"https:\/\/monastere.ca\/en\/netiquette\/#primaryimage"},"image":{"@id":"https:\/\/monastere.ca\/en\/netiquette\/#primaryimage"},"thumbnailUrl":"https:\/\/monastere.ca\/wp-content\/uploads\/2023\/07\/bandeau-sejourner.jpg","datePublished":"2023-09-12T14:15:05+00:00","dateModified":"2023-09-26T13:55:38+00:00","description":"Here are rules of conduct and respect on Le Monast\u00e8re des Augustines' social media platforms.","breadcrumb":{"@id":"https:\/\/monastere.ca\/en\/netiquette\/#breadcrumb"},"inLanguage":"en-US","potentialAction":[{"@type":"ReadAction","target":["https:\/\/monastere.ca\/en\/netiquette\/"]}]},{"@type":"ImageObject","inLanguage":"en-US","@id":"https:\/\/monastere.ca\/en\/netiquette\/#primaryimage","url":"https:\/\/monastere.ca\/wp-content\/uploads\/2023\/07\/bandeau-sejourner.jpg","contentUrl":"https:\/\/monastere.ca\/wp-content\/uploads\/2023\/07\/bandeau-sejourner.jpg"},{"@type":"BreadcrumbList","@id":"https:\/\/monastere.ca\/en\/netiquette\/#breadcrumb","itemListElement":[{"@type":"ListItem","position":1,"name":"Accueil","item":"https:\/\/monastere.ca\/en\/"},{"@type":"ListItem","position":2,"name":"Netiquette"}]},{"@type":"WebSite","@id":"https:\/\/monastere.ca\/en\/#website","url":"https:\/\/monastere.ca\/en\/","name":"Monast\u00e8re des Augustines","description":"Monast\u00e8re des Augustines, un havre patrimonial authentique de sant\u00e9 et de mieux-\u00eatre avec atelier, spa, mus\u00e9e, restaurant et h\u00f4tellerie au Qu\u00e9bec.","publisher":{"@id":"https:\/\/monastere.ca\/en\/#organization"},"potentialAction":[{"@type":"SearchAction","target":{"@type":"EntryPoint","urlTemplate":"https:\/\/monastere.ca\/en\/?s={search_term_string}"},"query-input":{"@type":"PropertyValueSpecification","valueRequired":true,"valueName":"search_term_string"}}],"inLanguage":"en-US"},{"@type":"Organization","@id":"https:\/\/monastere.ca\/en\/#organization","name":"Monast\u00e8re des Augustines","url":"https:\/\/monastere.ca\/en\/","logo":{"@type":"ImageObject","inLanguage":"en-US","@id":"https:\/\/monastere.ca\/en\/#\/schema\/logo\/image\/","url":"https:\/\/monastere.ca\/wp-content\/uploads\/2023\/07\/logo-monastere.svg","contentUrl":"https:\/\/monastere.ca\/wp-content\/uploads\/2023\/07\/logo-monastere.svg","width":1,"height":1,"caption":"Monast\u00e8re des Augustines"},"image":{"@id":"https:\/\/monastere.ca\/en\/#\/schema\/logo\/image\/"},"sameAs":["https:\/\/www.facebook.com\/monastere.ca\/?locale=fr_CA","https:\/\/www.instagram.com\/lemonasteredesaugustines\/","https:\/\/www.linkedin.com\/company\/le-monastere-des-augustines\/?originalSubdomain=ca","https:\/\/fr.tripadvisor.ca\/Hotel_Review-g155033-d8460643-Reviews-Le_Monastere_des_Augustines-Quebec_City_Quebec.html"]}]}},"publishpress_future_workflow_manual_trigger":{"enabledWorkflows":[]},"_links":{"self":[{"href":"https:\/\/monastere.ca\/en\/wp-json\/wp\/v2\/pages\/5797","targetHints":{"allow":["GET"]}}],"collection":[{"href":"https:\/\/monastere.ca\/en\/wp-json\/wp\/v2\/pages"}],"about":[{"href":"https:\/\/monastere.ca\/en\/wp-json\/wp\/v2\/types\/page"}],"author":[{"embeddable":true,"href":"https:\/\/monastere.ca\/en\/wp-json\/wp\/v2\/users\/1"}],"replies":[{"embeddable":true,"href":"https:\/\/monastere.ca\/en\/wp-json\/wp\/v2\/comments?post=5797"}],"version-history":[{"count":4,"href":"https:\/\/monastere.ca\/en\/wp-json\/wp\/v2\/pages\/5797\/revisions"}],"predecessor-version":[{"id":5905,"href":"https:\/\/monastere.ca\/en\/wp-json\/wp\/v2\/pages\/5797\/revisions\/5905"}],"wp:attachment":[{"href":"https:\/\/monastere.ca\/en\/wp-json\/wp\/v2\/media?parent=5797"}],"curies":[{"name":"wp","href":"https:\/\/api.w.org\/{rel}","templated":true}]}}