{"id":4837,"date":"2023-07-12T12:08:02","date_gmt":"2023-07-12T16:08:02","guid":{"rendered":"https:\/\/monastere.ca\/activities-and-services-menu\/activites\/"},"modified":"2026-04-23T15:52:26","modified_gmt":"2026-04-23T19:52:26","slug":"activities","status":"publish","type":"page","link":"https:\/\/monastere.ca\/en\/activities\/","title":{"rendered":"What to do at Le Monast\u00e8re"},"content":{"rendered":"\n\n    <div class=\"block-quote  item component-block-quote\">\n        <blockquote class=\"container\">\n            <div class=\"block-quote__container\" style=\"\">\n                <div class=\"block-quote__content\">\n                    <p class=\"block-quote__text\">\u201cStaying in a monastery dating back over 350-years is an experience in itself. Soaking up this place so rich in history and wisdom can only be soothing. Practicing yoga in the vaults, walking meditatively through the streets of Old Qu\u00e9bec, visiting the museum (&#8230;) are all activities (&#8230;) designed to help you relax. Thank you for your warm hospitality and we look forward to seeing you soon!\u201d<\/p>\n                    <p class=\"block-quote__author\">\n                        <strong class=\"block-quote__author__name\">\u00c9lyse Trudel<\/strong>\n                                                    <span class=\"block-quote__author__title\">According to her Google review<\/span>\n                                            <\/p>\n                <\/div>\n            <\/div>\n        <\/blockquote>\n    <\/div>\n\n\n<div class=\"item wysiwyg component-columns\" ><div class=\"container\">\n<div class=\"wp-block-columns is-layout-flex wp-container-core-columns-is-layout-9d6595d7 wp-block-columns-is-layout-flex\">\n<div class=\"wp-block-column is-layout-flow wp-block-column-is-layout-flow\">\n            <div class=\"block-title-symbol item component-block-title-symbol\">\n                            <div class=\"container block-title-symbol__container--align-hori\">\n                    <div class=\"block-title-symbol__title-align\">\n                        <svg width=\"16px\" height=\"18px\">\n                            <use xlink:href=\"#ico-diamond\"><\/use>\n                        <\/svg>\n                        <h2 class=\"block-title-symbol__title block-title-symbol__title--big\">Subscribe to Le Monast\u00e8re newsletter<\/h2>\n\n                                                                    <\/div>\n\n                <\/div>\n                                <\/div>\n    <\/div>\n\n\n\n<div class=\"wp-block-column is-layout-flow wp-block-column-is-layout-flow\"><div class=\"item wysiwyg component-paragraph\" ><div class=\"container\">\n<p>Stay informed about upcoming activities in the coming weeks through our email updates.<\/p>\n<\/div><\/div>\n\n<div class=\"item wysiwyg component-buttons\" ><div class=\"container\">\n<div class=\"wp-block-buttons is-layout-flex wp-block-buttons-is-layout-flex\">\n<div class=\"wp-block-button is-style-btn--is-secondary-color\"><a class=\"wp-block-button__link wp-element-button\" href=\"https:\/\/monastere.ac-page.com\/inscription-infolettre\" target=\"_blank\" rel=\"noreferrer noopener\">Subscribe to our newletter<\/a><\/div>\n<\/div>\n<\/div><\/div><\/div>\n<\/div>\n<\/div><\/div>\n\n\n                        <div class=\"block-list-simple-text-icon item component-block-list-simple-text-icon\">\n                <div class=\"container block-list-simple-text-icon--col-two\">\n                                            <div class=\"block-list-simple-text-icon__block\">\n                            <div>\n                                                                <p class=\"block-list-simple-text-icon__block__title\">Collaborate with us<\/p>\n                                <p>We are always open to welcoming inspiring, skilled and experienced new collaborators to enrich our activity calendar. Don&#8217;t hesitate to submit your proposal for a new activity!<\/p>\n                            <\/div>\n                            <a href=\"https:\/\/can01.safelinks.protection.outlook.com\/?url=https%3A%2F%2Fforms.office.com%2Fr%2FiLsteXx6aV&#038;data=05%7C01%7Cechampagne%40monastere.ca%7Ca548a5a31ed44563d9c408dba7c9ad98%7C859dd9c5b39247fb8a5bad57bbf9800e%7C0%7C0%7C638288256871410684%7CUnknown%7CTWFpbGZsb3d8eyJWIjoiMC4wLjAwMDAiLCJQIjoiV2luMzIiLCJBTiI6Ik1haWwiLCJXVCI6Mn0%3D%7C3000%7C%7C%7C&#038;sdata=8qYCkP19eUtQIZVi5ZZrsqXkQoPlcatZV8IuhANYDXE%3D&#038;reserved=0\">\n                                Let\u2019s collaborate                                <svg width=\"8px\" height=\"12px\">\n                                    <use xlink:href=\"#ico-chevron-link\"><\/use>\n                                <\/svg>\n                            <\/a>\n                        <\/div>\n                                            <div class=\"block-list-simple-text-icon__block\">\n                            <div>\n                                                                <p class=\"block-list-simple-text-icon__block__title\">Le Monast\u00e8re at home<\/p>\n                                <p>Discover online activities that do good. Le Monast\u00e8re is a space for learning, wellness and transformation\u2014whenever you want, wherever you are! Please note that the videos are in French.<\/p>\n                            <\/div>\n                            <a href=\"https:\/\/virtuel.monastere.ca\/\">\n                                Discover                                <svg width=\"8px\" height=\"12px\">\n                                    <use xlink:href=\"#ico-chevron-link\"><\/use>\n                                <\/svg>\n                            <\/a>\n                        <\/div>\n                                    <\/div>\n            <\/div>\n            ","protected":false},"excerpt":{"rendered":"Stay informed about upcoming activities in the coming weeks through our email updates.","protected":false},"author":1,"featured_media":0,"parent":0,"menu_order":2,"comment_status":"closed","ping_status":"closed","template":"template-activities.php","meta":{"_acf_changed":false,"footnotes":""},"class_list":["post-4837","page","type-page","status-publish","hentry"],"acf":[],"yoast_head":"<!-- This site is optimized with the Yoast SEO plugin v27.3 - https:\/\/yoast.com\/product\/yoast-seo-wordpress\/ -->\n<title>What to do at Le Monast\u00e8re - Monast\u00e8re des Augustines<\/title>\n<meta name=\"description\" content=\"Find out what to do at Le Monast\u00e8re for a cultural or wellness activity, with or without a night\u2019s stay.\" \/>\n<meta name=\"robots\" content=\"index, follow, max-snippet:-1, max-image-preview:large, max-video-preview:-1\" \/>\n<link rel=\"canonical\" href=\"https:\/\/monastere.ca\/en\/activities\/\" \/>\n<meta property=\"og:locale\" content=\"en_US\" \/>\n<meta property=\"og:type\" content=\"article\" \/>\n<meta property=\"og:title\" content=\"What to do at Le Monast\u00e8re - Monast\u00e8re des Augustines\" \/>\n<meta property=\"og:description\" content=\"Find out what to do at Le Monast\u00e8re for a cultural or wellness activity, with or without a night\u2019s stay.\" \/>\n<meta property=\"og:url\" content=\"https:\/\/monastere.ca\/en\/activities\/\" \/>\n<meta property=\"og:site_name\" content=\"Monast\u00e8re des Augustines\" \/>\n<meta property=\"article:publisher\" content=\"https:\/\/www.facebook.com\/monastere.ca\/?locale=fr_CA\" \/>\n<meta property=\"article:modified_time\" content=\"2026-04-23T19:52:26+00:00\" \/>\n<meta property=\"og:image\" content=\"https:\/\/monastere.ca\/wp-content\/uploads\/2023\/08\/Image_OG_1200x675.png\" \/>\n\t<meta property=\"og:image:width\" content=\"1200\" \/>\n\t<meta property=\"og:image:height\" content=\"675\" \/>\n\t<meta property=\"og:image:type\" content=\"image\/png\" \/>\n<meta name=\"twitter:card\" content=\"summary_large_image\" \/>\n<meta name=\"twitter:label1\" content=\"Est. reading time\" \/>\n\t<meta name=\"twitter:data1\" content=\"1 minute\" \/>\n<script type=\"application\/ld+json\" class=\"yoast-schema-graph\">{\"@context\":\"https:\\\/\\\/schema.org\",\"@graph\":[{\"@type\":\"WebPage\",\"@id\":\"https:\\\/\\\/monastere.ca\\\/en\\\/activities\\\/\",\"url\":\"https:\\\/\\\/monastere.ca\\\/en\\\/activities\\\/\",\"name\":\"What to do at Le Monast\u00e8re - Monast\u00e8re des Augustines\",\"isPartOf\":{\"@id\":\"https:\\\/\\\/monastere.ca\\\/en\\\/#website\"},\"datePublished\":\"2023-07-12T16:08:02+00:00\",\"dateModified\":\"2026-04-23T19:52:26+00:00\",\"description\":\"Find out what to do at Le Monast\u00e8re for a cultural or wellness activity, with or without a night\u2019s stay.\",\"breadcrumb\":{\"@id\":\"https:\\\/\\\/monastere.ca\\\/en\\\/activities\\\/#breadcrumb\"},\"inLanguage\":\"en-US\",\"potentialAction\":[{\"@type\":\"ReadAction\",\"target\":[\"https:\\\/\\\/monastere.ca\\\/en\\\/activities\\\/\"]}]},{\"@type\":\"BreadcrumbList\",\"@id\":\"https:\\\/\\\/monastere.ca\\\/en\\\/activities\\\/#breadcrumb\",\"itemListElement\":[{\"@type\":\"ListItem\",\"position\":1,\"name\":\"Accueil\",\"item\":\"https:\\\/\\\/monastere.ca\\\/en\\\/\"},{\"@type\":\"ListItem\",\"position\":2,\"name\":\"What to do at Le Monast\u00e8re\"}]},{\"@type\":\"WebSite\",\"@id\":\"https:\\\/\\\/monastere.ca\\\/en\\\/#website\",\"url\":\"https:\\\/\\\/monastere.ca\\\/en\\\/\",\"name\":\"Monast\u00e8re des Augustines\",\"description\":\"Monast\u00e8re des Augustines, un havre patrimonial authentique de sant\u00e9 et de mieux-\u00eatre avec atelier, spa, mus\u00e9e, restaurant et h\u00f4tellerie au Qu\u00e9bec.\",\"publisher\":{\"@id\":\"https:\\\/\\\/monastere.ca\\\/en\\\/#organization\"},\"potentialAction\":[{\"@type\":\"SearchAction\",\"target\":{\"@type\":\"EntryPoint\",\"urlTemplate\":\"https:\\\/\\\/monastere.ca\\\/en\\\/?s={search_term_string}\"},\"query-input\":{\"@type\":\"PropertyValueSpecification\",\"valueRequired\":true,\"valueName\":\"search_term_string\"}}],\"inLanguage\":\"en-US\"},{\"@type\":\"Organization\",\"@id\":\"https:\\\/\\\/monastere.ca\\\/en\\\/#organization\",\"name\":\"Monast\u00e8re des Augustines\",\"url\":\"https:\\\/\\\/monastere.ca\\\/en\\\/\",\"logo\":{\"@type\":\"ImageObject\",\"inLanguage\":\"en-US\",\"@id\":\"https:\\\/\\\/monastere.ca\\\/en\\\/#\\\/schema\\\/logo\\\/image\\\/\",\"url\":\"https:\\\/\\\/monastere.ca\\\/wp-content\\\/uploads\\\/2023\\\/07\\\/logo-monastere.svg\",\"contentUrl\":\"https:\\\/\\\/monastere.ca\\\/wp-content\\\/uploads\\\/2023\\\/07\\\/logo-monastere.svg\",\"width\":1,\"height\":1,\"caption\":\"Monast\u00e8re des Augustines\"},\"image\":{\"@id\":\"https:\\\/\\\/monastere.ca\\\/en\\\/#\\\/schema\\\/logo\\\/image\\\/\"},\"sameAs\":[\"https:\\\/\\\/www.facebook.com\\\/monastere.ca\\\/?locale=fr_CA\",\"https:\\\/\\\/www.instagram.com\\\/lemonasteredesaugustines\\\/\",\"https:\\\/\\\/www.linkedin.com\\\/company\\\/le-monastere-des-augustines\\\/?originalSubdomain=ca\",\"https:\\\/\\\/fr.tripadvisor.ca\\\/Hotel_Review-g155033-d8460643-Reviews-Le_Monastere_des_Augustines-Quebec_City_Quebec.html\"]}]}<\/script>\n<!-- \/ Yoast SEO plugin. -->","yoast_head_json":{"title":"What to do at Le Monast\u00e8re - Monast\u00e8re des Augustines","description":"Find out what to do at Le Monast\u00e8re for a cultural or wellness activity, with or without a night\u2019s stay.","robots":{"index":"index","follow":"follow","max-snippet":"max-snippet:-1","max-image-preview":"max-image-preview:large","max-video-preview":"max-video-preview:-1"},"canonical":"https:\/\/monastere.ca\/en\/activities\/","og_locale":"en_US","og_type":"article","og_title":"What to do at Le Monast\u00e8re - Monast\u00e8re des Augustines","og_description":"Find out what to do at Le Monast\u00e8re for a cultural or wellness activity, with or without a night\u2019s stay.","og_url":"https:\/\/monastere.ca\/en\/activities\/","og_site_name":"Monast\u00e8re des Augustines","article_publisher":"https:\/\/www.facebook.com\/monastere.ca\/?locale=fr_CA","article_modified_time":"2026-04-23T19:52:26+00:00","og_image":[{"width":1200,"height":675,"url":"https:\/\/monastere.ca\/wp-content\/uploads\/2023\/08\/Image_OG_1200x675.png","type":"image\/png"}],"twitter_card":"summary_large_image","twitter_misc":{"Est. reading time":"1 minute"},"schema":{"@context":"https:\/\/schema.org","@graph":[{"@type":"WebPage","@id":"https:\/\/monastere.ca\/en\/activities\/","url":"https:\/\/monastere.ca\/en\/activities\/","name":"What to do at Le Monast\u00e8re - Monast\u00e8re des Augustines","isPartOf":{"@id":"https:\/\/monastere.ca\/en\/#website"},"datePublished":"2023-07-12T16:08:02+00:00","dateModified":"2026-04-23T19:52:26+00:00","description":"Find out what to do at Le Monast\u00e8re for a cultural or wellness activity, with or without a night\u2019s stay.","breadcrumb":{"@id":"https:\/\/monastere.ca\/en\/activities\/#breadcrumb"},"inLanguage":"en-US","potentialAction":[{"@type":"ReadAction","target":["https:\/\/monastere.ca\/en\/activities\/"]}]},{"@type":"BreadcrumbList","@id":"https:\/\/monastere.ca\/en\/activities\/#breadcrumb","itemListElement":[{"@type":"ListItem","position":1,"name":"Accueil","item":"https:\/\/monastere.ca\/en\/"},{"@type":"ListItem","position":2,"name":"What to do at Le Monast\u00e8re"}]},{"@type":"WebSite","@id":"https:\/\/monastere.ca\/en\/#website","url":"https:\/\/monastere.ca\/en\/","name":"Monast\u00e8re des Augustines","description":"Monast\u00e8re des Augustines, un havre patrimonial authentique de sant\u00e9 et de mieux-\u00eatre avec atelier, spa, mus\u00e9e, restaurant et h\u00f4tellerie au Qu\u00e9bec.","publisher":{"@id":"https:\/\/monastere.ca\/en\/#organization"},"potentialAction":[{"@type":"SearchAction","target":{"@type":"EntryPoint","urlTemplate":"https:\/\/monastere.ca\/en\/?s={search_term_string}"},"query-input":{"@type":"PropertyValueSpecification","valueRequired":true,"valueName":"search_term_string"}}],"inLanguage":"en-US"},{"@type":"Organization","@id":"https:\/\/monastere.ca\/en\/#organization","name":"Monast\u00e8re des Augustines","url":"https:\/\/monastere.ca\/en\/","logo":{"@type":"ImageObject","inLanguage":"en-US","@id":"https:\/\/monastere.ca\/en\/#\/schema\/logo\/image\/","url":"https:\/\/monastere.ca\/wp-content\/uploads\/2023\/07\/logo-monastere.svg","contentUrl":"https:\/\/monastere.ca\/wp-content\/uploads\/2023\/07\/logo-monastere.svg","width":1,"height":1,"caption":"Monast\u00e8re des Augustines"},"image":{"@id":"https:\/\/monastere.ca\/en\/#\/schema\/logo\/image\/"},"sameAs":["https:\/\/www.facebook.com\/monastere.ca\/?locale=fr_CA","https:\/\/www.instagram.com\/lemonasteredesaugustines\/","https:\/\/www.linkedin.com\/company\/le-monastere-des-augustines\/?originalSubdomain=ca","https:\/\/fr.tripadvisor.ca\/Hotel_Review-g155033-d8460643-Reviews-Le_Monastere_des_Augustines-Quebec_City_Quebec.html"]}]}},"publishpress_future_workflow_manual_trigger":{"enabledWorkflows":[]},"_links":{"self":[{"href":"https:\/\/monastere.ca\/en\/wp-json\/wp\/v2\/pages\/4837","targetHints":{"allow":["GET"]}}],"collection":[{"href":"https:\/\/monastere.ca\/en\/wp-json\/wp\/v2\/pages"}],"about":[{"href":"https:\/\/monastere.ca\/en\/wp-json\/wp\/v2\/types\/page"}],"author":[{"embeddable":true,"href":"https:\/\/monastere.ca\/en\/wp-json\/wp\/v2\/users\/1"}],"replies":[{"embeddable":true,"href":"https:\/\/monastere.ca\/en\/wp-json\/wp\/v2\/comments?post=4837"}],"version-history":[{"count":9,"href":"https:\/\/monastere.ca\/en\/wp-json\/wp\/v2\/pages\/4837\/revisions"}],"predecessor-version":[{"id":10205,"href":"https:\/\/monastere.ca\/en\/wp-json\/wp\/v2\/pages\/4837\/revisions\/10205"}],"wp:attachment":[{"href":"https:\/\/monastere.ca\/en\/wp-json\/wp\/v2\/media?parent=4837"}],"curies":[{"name":"wp","href":"https:\/\/api.w.org\/{rel}","templated":true}]}}