{"id":4825,"date":"2023-07-12T12:06:41","date_gmt":"2023-07-12T16:06:41","guid":{"rendered":"https:\/\/monastere.ca\/accommodations-menu\/retraites\/"},"modified":"2024-12-23T15:58:43","modified_gmt":"2024-12-23T19:58:43","slug":"retreats","status":"publish","type":"page","link":"https:\/\/monastere.ca\/en\/retreats\/","title":{"rendered":"Experience a retreat in a monastery"},"content":{"rendered":"<div class=\"item wysiwyg component-columns\" ><div class=\"container\">\n<div class=\"wp-block-columns are-vertically-aligned-center is-layout-flex wp-container-core-columns-is-layout-9d6595d7 wp-block-columns-is-layout-flex\">\n<div class=\"wp-block-column is-vertically-aligned-center is-layout-flow wp-block-column-is-layout-flow\">\n            <div class=\"block-title-symbol item component-block-title-symbol\">\n                            <div class=\"container block-title-symbol__container--align-hori\">\n                    <div class=\"block-title-symbol__title-align\">\n                        <svg width=\"16px\" height=\"18px\">\n                            <use xlink:href=\"#ico-diamond\"><\/use>\n                        <\/svg>\n                        <h2 class=\"block-title-symbol__title block-title-symbol__title--regular\">Stay in touch!<\/h2>\n\n                                                                    <\/div>\n\n                <\/div>\n                                <\/div>\n    <\/div>\n\n\n\n<div class=\"wp-block-column is-vertically-aligned-center is-layout-flow wp-block-column-is-layout-flow\"><div class=\"item wysiwyg component-paragraph\" ><div class=\"container\">\n<p>Keep in touch with us to find out about upcoming retreats and activities at Le Monast\u00e8re.<\/p>\n<\/div><\/div>\n\n<div class=\"item wysiwyg component-buttons\" ><div class=\"container\">\n<div class=\"wp-block-buttons is-layout-flex wp-block-buttons-is-layout-flex\">\n<div class=\"wp-block-button is-style-btn--is-secondary-color\"><a class=\"wp-block-button__link wp-element-button\" href=\"https:\/\/monastere.ac-page.com\/newsletter-subscribing\" target=\"_blank\" rel=\"noreferrer noopener\">Subscribe to our newletter<\/a><\/div>\n<\/div>\n<\/div><\/div><\/div>\n<\/div>\n<\/div><\/div>\n\n<div class=\"item wysiwyg component-columns\" ><div class=\"container\">\n<div class=\"wp-block-columns is-layout-flex wp-container-core-columns-is-layout-9d6595d7 wp-block-columns-is-layout-flex\">\n<div class=\"wp-block-column is-layout-flow wp-block-column-is-layout-flow\">\n\n            <div class=\"item component-list-blocks-with-header-images\">\n            <div class=\"container\">\n                <div class=\"list-blocks-with-header-images js-a11y-block-link\">\n                                            <div class=\"list-blocks-with-header-images__image\">\n                            <img decoding=\"async\" src=\"https:\/\/monastere.ca\/wp-content\/uploads\/2023\/08\/Image_Retraite_Forfaits.jpg\" alt=\"\">\n                        <\/div>\n                                        <div class=\"list-blocks-with-header-images__content\">\n                        <div class=\"wysiwyg\">\n                            <h2 class=\"h6 list-blocks-with-header-images__title\">Experience Le&nbsp;Monast\u00e8re in solo mode<\/h2>\n                                                            <p><span style=\"font-weight: 400;\">With our wellness packages, you can enjoy a retreat on your own, without a group atmosphere.<\/span><\/p>\n                                                    <\/div>\n                                                    <a class=\"list-blocks-with-header-images__content__button\" href=\"https:\/\/monastere.ca\/en\/wellness-retreat-packages\/\" target=\"\" data-a11y-link>\n                                <svg width=\"16px\" height=\"18px\">\n                                    <use xlink:href=\"#ico-chevron-narrow-white\"><\/use>\n                                <\/svg>\n                            <\/a>\n                                            <\/div>\n                <\/div>\n            <\/div>\n        <\/div>\n    <\/div>\n\n\n\n<div class=\"wp-block-column is-layout-flow wp-block-column-is-layout-flow\">\n\n            <div class=\"item component-list-blocks-with-header-images\">\n            <div class=\"container\">\n                <div class=\"list-blocks-with-header-images js-a11y-block-link\">\n                                            <div class=\"list-blocks-with-header-images__image\">\n                            <img decoding=\"async\" src=\"https:\/\/monastere.ca\/wp-content\/uploads\/2023\/08\/Image_Retraite_Organiser.jpg\" alt=\"\">\n                        <\/div>\n                                        <div class=\"list-blocks-with-header-images__content\">\n                        <div class=\"wysiwyg\">\n                            <h2 class=\"h6 list-blocks-with-header-images__title\">Organize a retreat<\/h2>\n                                                            <p><span style=\"font-weight: 400;\">Give your next retreat a special meaning by choosing Le Monast\u00e8re des Augustines as your retreat venue. Our sales and events team will be delighted to help you get started. <\/span><\/p>\n                                                    <\/div>\n                                                    <a class=\"list-blocks-with-header-images__content__button\" href=\"https:\/\/monastere.ca\/en\/organize-an-event\/#tab-retreat\" target=\"\" data-a11y-link>\n                                <svg width=\"16px\" height=\"18px\">\n                                    <use xlink:href=\"#ico-chevron-narrow-white\"><\/use>\n                                <\/svg>\n                            <\/a>\n                                            <\/div>\n                <\/div>\n            <\/div>\n        <\/div>\n    <\/div>\n<\/div>\n<\/div><\/div>\n\n\n\n    <div class=\"block-quote  item component-block-quote\">\n        <blockquote class=\"container\">\n            <div class=\"block-quote__container\" style=\"\">\n                <div class=\"block-quote__content\">\n                    <p class=\"block-quote__text\">\u201cA profound sense of ease washed over me from the moment I stepped inside the monastery. The serenity that permeated the air finally allowed my mind, body, and soul to find peace. Staying at Le Monast\u00e8re was not just a retreat from the outside world but a sanctuary where I could unwind and recharge. A sincere thank you to everyone. \u201d<\/p>\n                    <p class=\"block-quote__author\">\n                        <strong class=\"block-quote__author__name\">Sonia<\/strong>\n                                            <\/p>\n                <\/div>\n            <\/div>\n        <\/blockquote>\n    <\/div>\n","protected":false},"excerpt":{"rendered":"Keep in touch with us to find out about upcoming retreats and activities at Le Monast\u00e8re.","protected":false},"author":1,"featured_media":0,"parent":0,"menu_order":4,"comment_status":"closed","ping_status":"closed","template":"template-pensions.php","meta":{"_acf_changed":false,"footnotes":""},"class_list":["post-4825","page","type-page","status-publish","hentry"],"acf":[],"yoast_head":"<!-- This site is optimized with the Yoast SEO plugin v25.0 - https:\/\/yoast.com\/wordpress\/plugins\/seo\/ -->\n<title>Experience a retreat in a monastery - Monast\u00e8re des Augustines<\/title>\n<meta name=\"description\" content=\"Experience a monastery retreat where heritage and wellness interwine are one and the same. Treat yourself to timeless moments!\" \/>\n<meta name=\"robots\" content=\"index, follow, max-snippet:-1, max-image-preview:large, max-video-preview:-1\" \/>\n<link rel=\"canonical\" href=\"https:\/\/monastere.ca\/en\/retreats\/\" \/>\n<meta property=\"og:locale\" content=\"en_US\" \/>\n<meta property=\"og:type\" content=\"article\" \/>\n<meta property=\"og:title\" content=\"Experience a retreat in a monastery - Monast\u00e8re des Augustines\" \/>\n<meta property=\"og:description\" content=\"Experience a monastery retreat where heritage and wellness interwine are one and the same. Treat yourself to timeless moments!\" \/>\n<meta property=\"og:url\" content=\"https:\/\/monastere.ca\/en\/retreats\/\" \/>\n<meta property=\"og:site_name\" content=\"Monast\u00e8re des Augustines\" \/>\n<meta property=\"article:publisher\" content=\"https:\/\/www.facebook.com\/monastere.ca\/?locale=fr_CA\" \/>\n<meta property=\"article:modified_time\" content=\"2024-12-23T19:58:43+00:00\" \/>\n<meta property=\"og:image\" content=\"https:\/\/monastere.ca\/wp-content\/uploads\/2023\/08\/Image_OG_1200x675.png\" \/>\n\t<meta property=\"og:image:width\" content=\"1200\" \/>\n\t<meta property=\"og:image:height\" content=\"675\" \/>\n\t<meta property=\"og:image:type\" content=\"image\/png\" \/>\n<meta name=\"twitter:card\" content=\"summary_large_image\" \/>\n<meta name=\"twitter:label1\" content=\"Est. reading time\" \/>\n\t<meta name=\"twitter:data1\" content=\"1 minute\" \/>\n<script type=\"application\/ld+json\" class=\"yoast-schema-graph\">{\"@context\":\"https:\/\/schema.org\",\"@graph\":[{\"@type\":\"WebPage\",\"@id\":\"https:\/\/monastere.ca\/en\/retreats\/\",\"url\":\"https:\/\/monastere.ca\/en\/retreats\/\",\"name\":\"Experience a retreat in a monastery - Monast\u00e8re des Augustines\",\"isPartOf\":{\"@id\":\"https:\/\/monastere.ca\/en\/#website\"},\"datePublished\":\"2023-07-12T16:06:41+00:00\",\"dateModified\":\"2024-12-23T19:58:43+00:00\",\"description\":\"Experience a monastery retreat where heritage and wellness interwine are one and the same. Treat yourself to timeless moments!\",\"breadcrumb\":{\"@id\":\"https:\/\/monastere.ca\/en\/retreats\/#breadcrumb\"},\"inLanguage\":\"en-US\",\"potentialAction\":[{\"@type\":\"ReadAction\",\"target\":[\"https:\/\/monastere.ca\/en\/retreats\/\"]}]},{\"@type\":\"BreadcrumbList\",\"@id\":\"https:\/\/monastere.ca\/en\/retreats\/#breadcrumb\",\"itemListElement\":[{\"@type\":\"ListItem\",\"position\":1,\"name\":\"Accueil\",\"item\":\"https:\/\/monastere.ca\/en\/\"},{\"@type\":\"ListItem\",\"position\":2,\"name\":\"Experience a retreat in a monastery\"}]},{\"@type\":\"WebSite\",\"@id\":\"https:\/\/monastere.ca\/en\/#website\",\"url\":\"https:\/\/monastere.ca\/en\/\",\"name\":\"Monast\u00e8re des Augustines\",\"description\":\"Monast\u00e8re des Augustines, un havre patrimonial authentique de sant\u00e9 et de mieux-\u00eatre avec atelier, spa, mus\u00e9e, restaurant et h\u00f4tellerie au Qu\u00e9bec.\",\"publisher\":{\"@id\":\"https:\/\/monastere.ca\/en\/#organization\"},\"potentialAction\":[{\"@type\":\"SearchAction\",\"target\":{\"@type\":\"EntryPoint\",\"urlTemplate\":\"https:\/\/monastere.ca\/en\/?s={search_term_string}\"},\"query-input\":{\"@type\":\"PropertyValueSpecification\",\"valueRequired\":true,\"valueName\":\"search_term_string\"}}],\"inLanguage\":\"en-US\"},{\"@type\":\"Organization\",\"@id\":\"https:\/\/monastere.ca\/en\/#organization\",\"name\":\"Monast\u00e8re des Augustines\",\"url\":\"https:\/\/monastere.ca\/en\/\",\"logo\":{\"@type\":\"ImageObject\",\"inLanguage\":\"en-US\",\"@id\":\"https:\/\/monastere.ca\/en\/#\/schema\/logo\/image\/\",\"url\":\"https:\/\/monastere.ca\/wp-content\/uploads\/2023\/07\/logo-monastere.svg\",\"contentUrl\":\"https:\/\/monastere.ca\/wp-content\/uploads\/2023\/07\/logo-monastere.svg\",\"width\":1,\"height\":1,\"caption\":\"Monast\u00e8re des Augustines\"},\"image\":{\"@id\":\"https:\/\/monastere.ca\/en\/#\/schema\/logo\/image\/\"},\"sameAs\":[\"https:\/\/www.facebook.com\/monastere.ca\/?locale=fr_CA\",\"https:\/\/www.instagram.com\/lemonasteredesaugustines\/\",\"https:\/\/www.linkedin.com\/company\/le-monastere-des-augustines\/?originalSubdomain=ca\",\"https:\/\/fr.tripadvisor.ca\/Hotel_Review-g155033-d8460643-Reviews-Le_Monastere_des_Augustines-Quebec_City_Quebec.html\"]}]}<\/script>\n<!-- \/ Yoast SEO plugin. -->","yoast_head_json":{"title":"Experience a retreat in a monastery - Monast\u00e8re des Augustines","description":"Experience a monastery retreat where heritage and wellness interwine are one and the same. Treat yourself to timeless moments!","robots":{"index":"index","follow":"follow","max-snippet":"max-snippet:-1","max-image-preview":"max-image-preview:large","max-video-preview":"max-video-preview:-1"},"canonical":"https:\/\/monastere.ca\/en\/retreats\/","og_locale":"en_US","og_type":"article","og_title":"Experience a retreat in a monastery - Monast\u00e8re des Augustines","og_description":"Experience a monastery retreat where heritage and wellness interwine are one and the same. Treat yourself to timeless moments!","og_url":"https:\/\/monastere.ca\/en\/retreats\/","og_site_name":"Monast\u00e8re des Augustines","article_publisher":"https:\/\/www.facebook.com\/monastere.ca\/?locale=fr_CA","article_modified_time":"2024-12-23T19:58:43+00:00","og_image":[{"width":1200,"height":675,"url":"https:\/\/monastere.ca\/wp-content\/uploads\/2023\/08\/Image_OG_1200x675.png","type":"image\/png"}],"twitter_card":"summary_large_image","twitter_misc":{"Est. reading time":"1 minute"},"schema":{"@context":"https:\/\/schema.org","@graph":[{"@type":"WebPage","@id":"https:\/\/monastere.ca\/en\/retreats\/","url":"https:\/\/monastere.ca\/en\/retreats\/","name":"Experience a retreat in a monastery - Monast\u00e8re des Augustines","isPartOf":{"@id":"https:\/\/monastere.ca\/en\/#website"},"datePublished":"2023-07-12T16:06:41+00:00","dateModified":"2024-12-23T19:58:43+00:00","description":"Experience a monastery retreat where heritage and wellness interwine are one and the same. Treat yourself to timeless moments!","breadcrumb":{"@id":"https:\/\/monastere.ca\/en\/retreats\/#breadcrumb"},"inLanguage":"en-US","potentialAction":[{"@type":"ReadAction","target":["https:\/\/monastere.ca\/en\/retreats\/"]}]},{"@type":"BreadcrumbList","@id":"https:\/\/monastere.ca\/en\/retreats\/#breadcrumb","itemListElement":[{"@type":"ListItem","position":1,"name":"Accueil","item":"https:\/\/monastere.ca\/en\/"},{"@type":"ListItem","position":2,"name":"Experience a retreat in a monastery"}]},{"@type":"WebSite","@id":"https:\/\/monastere.ca\/en\/#website","url":"https:\/\/monastere.ca\/en\/","name":"Monast\u00e8re des Augustines","description":"Monast\u00e8re des Augustines, un havre patrimonial authentique de sant\u00e9 et de mieux-\u00eatre avec atelier, spa, mus\u00e9e, restaurant et h\u00f4tellerie au Qu\u00e9bec.","publisher":{"@id":"https:\/\/monastere.ca\/en\/#organization"},"potentialAction":[{"@type":"SearchAction","target":{"@type":"EntryPoint","urlTemplate":"https:\/\/monastere.ca\/en\/?s={search_term_string}"},"query-input":{"@type":"PropertyValueSpecification","valueRequired":true,"valueName":"search_term_string"}}],"inLanguage":"en-US"},{"@type":"Organization","@id":"https:\/\/monastere.ca\/en\/#organization","name":"Monast\u00e8re des Augustines","url":"https:\/\/monastere.ca\/en\/","logo":{"@type":"ImageObject","inLanguage":"en-US","@id":"https:\/\/monastere.ca\/en\/#\/schema\/logo\/image\/","url":"https:\/\/monastere.ca\/wp-content\/uploads\/2023\/07\/logo-monastere.svg","contentUrl":"https:\/\/monastere.ca\/wp-content\/uploads\/2023\/07\/logo-monastere.svg","width":1,"height":1,"caption":"Monast\u00e8re des Augustines"},"image":{"@id":"https:\/\/monastere.ca\/en\/#\/schema\/logo\/image\/"},"sameAs":["https:\/\/www.facebook.com\/monastere.ca\/?locale=fr_CA","https:\/\/www.instagram.com\/lemonasteredesaugustines\/","https:\/\/www.linkedin.com\/company\/le-monastere-des-augustines\/?originalSubdomain=ca","https:\/\/fr.tripadvisor.ca\/Hotel_Review-g155033-d8460643-Reviews-Le_Monastere_des_Augustines-Quebec_City_Quebec.html"]}]}},"publishpress_future_workflow_manual_trigger":{"enabledWorkflows":[]},"_links":{"self":[{"href":"https:\/\/monastere.ca\/en\/wp-json\/wp\/v2\/pages\/4825","targetHints":{"allow":["GET"]}}],"collection":[{"href":"https:\/\/monastere.ca\/en\/wp-json\/wp\/v2\/pages"}],"about":[{"href":"https:\/\/monastere.ca\/en\/wp-json\/wp\/v2\/types\/page"}],"author":[{"embeddable":true,"href":"https:\/\/monastere.ca\/en\/wp-json\/wp\/v2\/users\/1"}],"replies":[{"embeddable":true,"href":"https:\/\/monastere.ca\/en\/wp-json\/wp\/v2\/comments?post=4825"}],"version-history":[{"count":22,"href":"https:\/\/monastere.ca\/en\/wp-json\/wp\/v2\/pages\/4825\/revisions"}],"predecessor-version":[{"id":11704,"href":"https:\/\/monastere.ca\/en\/wp-json\/wp\/v2\/pages\/4825\/revisions\/11704"}],"wp:attachment":[{"href":"https:\/\/monastere.ca\/en\/wp-json\/wp\/v2\/media?parent=4825"}],"curies":[{"name":"wp","href":"https:\/\/api.w.org\/{rel}","templated":true}]}}