{"id":4660,"date":"2023-07-12T12:09:39","date_gmt":"2023-07-12T16:09:39","guid":{"rendered":"https:\/\/monastere.ca\/le-monastere-chez-soi\/"},"modified":"2023-09-26T10:56:33","modified_gmt":"2023-09-26T14:56:33","slug":"online-courses","status":"publish","type":"page","link":"https:\/\/monastere.ca\/en\/online-courses\/","title":{"rendered":"Online courses"},"content":{"rendered":"<div class=\"item wysiwyg component-image\" ><div class=\"container\">\n<figure class=\"wp-block-image size-large\"><img loading=\"lazy\" decoding=\"async\" width=\"1024\" height=\"341\" src=\"https:\/\/monastere.ca\/wp-content\/uploads\/2023\/09\/monastere-chez-soi-cours-en-ligne-min-1-1024x341.jpg\" alt=\"\" class=\"wp-image-4133\" srcset=\"https:\/\/monastere.ca\/wp-content\/uploads\/2023\/09\/monastere-chez-soi-cours-en-ligne-min-1-1024x341.jpg 1024w, https:\/\/monastere.ca\/wp-content\/uploads\/2023\/09\/monastere-chez-soi-cours-en-ligne-min-1-700x233.jpg 700w, https:\/\/monastere.ca\/wp-content\/uploads\/2023\/09\/monastere-chez-soi-cours-en-ligne-min-1-768x256.jpg 768w, https:\/\/monastere.ca\/wp-content\/uploads\/2023\/09\/monastere-chez-soi-cours-en-ligne-min-1-400x133.jpg 400w, https:\/\/monastere.ca\/wp-content\/uploads\/2023\/09\/monastere-chez-soi-cours-en-ligne-min-1-100x33.jpg 100w, https:\/\/monastere.ca\/wp-content\/uploads\/2023\/09\/monastere-chez-soi-cours-en-ligne-min-1-954x318.jpg 954w, https:\/\/monastere.ca\/wp-content\/uploads\/2023\/09\/monastere-chez-soi-cours-en-ligne-min-1.jpg 1440w\" sizes=\"auto, (max-width: 1024px) 100vw, 1024px\" \/><\/figure>\n<\/div><\/div>\n\n<div class=\"item wysiwyg component-columns\" ><div class=\"container\">\n<div class=\"wp-block-columns are-vertically-aligned-bottom is-layout-flex wp-container-core-columns-is-layout-9d6595d7 wp-block-columns-is-layout-flex\">\n<div class=\"wp-block-column is-vertically-aligned-bottom is-layout-flow wp-block-column-is-layout-flow\" style=\"flex-basis:66.66%\">\n            <div class=\"block-title-symbol item component-block-title-symbol\">\n                                        <div class=\"container block-title-symbol__container--left_aligned\">\n                    <div class=\"block-title-symbol__title-align\">\n                        <svg width=\"16px\" height=\"18px\">\n                            <use xlink:href=\"#ico-diamond-line-title\"><\/use>\n                        <\/svg>\n                        <h2 class=\"block-title-symbol__title block-title-symbol__title--big\">A space for learning and transformation<\/h2>\n                    <\/div>\n                    <div class=\"block-title-symbol__desc-align\">\n                                                    <div class=\"wysiwyg block-title-symbol__desc\">\n                                <p><span style=\"font-weight: 400;\">Since its opening, Le Monast\u00e8re des Augustines has been able to count on a qualified, compassionate and friendly team. With Le Monast\u00e8re chez soi, we offer wellness experiences in the comfort of your own home.<\/span><\/p>\n<p><span style=\"font-weight: 400;\">Take advantage of these courses to develop new knowledge, deepen your reflections or experience moments of relaxation. You&#8217;ll be able to progress at your own pace in different areas of your life.<\/span><\/p>\n                            <\/div>\n                                                                    <\/div>\n                <\/div>\n                    <\/div>\n    <\/div>\n\n\n\n<div class=\"wp-block-column is-vertically-aligned-bottom is-layout-flow wp-block-column-is-layout-flow\" style=\"flex-basis:33.33%\"><div class=\"item wysiwyg component-buttons\" ><div class=\"container\">\n<div class=\"wp-block-buttons is-layout-flex wp-block-buttons-is-layout-flex\">\n<div class=\"wp-block-button is-style-btn--is-secondary-color\"><a class=\"wp-block-button__link wp-element-button\" href=\"https:\/\/virtuel.monastere.ca\/\" target=\"_blank\" rel=\"noreferrer noopener\">Access Monast\u00e8re chez soi<\/a><\/div>\n<\/div>\n<\/div><\/div><\/div>\n<\/div>\n<\/div><\/div>\n\n<div class=\"item wysiwyg component-group\" ><div class=\"container\">\n<div class=\"wp-block-group is-style-group--is-large\"><div class=\"wp-block-group__inner-container is-layout-constrained wp-block-group-is-layout-constrained\"><div class=\"item wysiwyg component-heading\" ><div class=\"container\">\n<h2 class=\"wp-block-heading is-style-h4\">Get inspired by our online courses<\/h2>\n<\/div><\/div>\n\n<div class=\"item wysiwyg component-paragraph\" ><div class=\"container\">\n<p class=\"\">Before making your selection on Le Monast\u00e8re chez soi, let yourself be guided by your intuition, your interests and your current state of mind. You&#8217;ll be able to choose from a wide range of video and audio content based on Le Monast\u00e8re&#8217;s approach to healing.<\/p>\n<\/div><\/div>\n\n<div class=\"item wysiwyg component-columns\" ><div class=\"container\">\n<div class=\"wp-block-columns is-layout-flex wp-container-core-columns-is-layout-9d6595d7 wp-block-columns-is-layout-flex\">\n<div class=\"wp-block-column is-layout-flow wp-block-column-is-layout-flow\"><div class=\"item wysiwyg component-heading\" ><div class=\"container\">\n<h2 class=\"wp-block-heading is-style-h6\">Health and wellness<\/h2>\n<\/div><\/div>\n\n<div class=\"item wysiwyg component-paragraph\" ><div class=\"container\">\n<p class=\"\">Tools for taking care of your body and mind, such as yoga, meditation, qi gong, etc.<\/p>\n<\/div><\/div>\n\n<div class=\"item wysiwyg component-buttons\" ><div class=\"container\">\n<div class=\"wp-block-buttons is-layout-flex wp-block-buttons-is-layout-flex\">\n<div class=\"wp-block-button is-style-btn--is-outline-primary-color\"><a class=\"wp-block-button__link wp-element-button\" href=\"https:\/\/virtuel.monastere.ca\/collections?category=sante-mieux-etre\" target=\"_blank\" rel=\"noreferrer noopener\">Discover<\/a><\/div>\n<\/div>\n<\/div><\/div><\/div>\n\n\n\n<div class=\"wp-block-column is-layout-flow wp-block-column-is-layout-flow\"><div class=\"item wysiwyg component-heading\" ><div class=\"container\">\n<h2 class=\"wp-block-heading is-style-h6\">Culture and creativity<\/h2>\n<\/div><\/div>\n\n<div class=\"item wysiwyg component-paragraph\" ><div class=\"container\">\n<p class=\"\">creative workshops to experiment with or content related to the Augustinian\u2019s legacy.<\/p>\n<\/div><\/div>\n\n<div class=\"item wysiwyg component-buttons\" ><div class=\"container\">\n<div class=\"wp-block-buttons is-layout-flex wp-block-buttons-is-layout-flex\">\n<div class=\"wp-block-button is-style-btn--is-outline-primary-color\"><a class=\"wp-block-button__link wp-element-button\" href=\"https:\/\/virtuel.monastere.ca\/collections?category=culture-creativite\" target=\"_blank\" rel=\"noreferrer noopener\">Discover<\/a><\/div>\n<\/div>\n<\/div><\/div><\/div>\n\n\n\n<div class=\"wp-block-column is-layout-flow wp-block-column-is-layout-flow\"><div class=\"item wysiwyg component-heading\" ><div class=\"container\">\n<h2 class=\"wp-block-heading is-style-h6\">Quest for meaning<\/h2>\n<\/div><\/div>\n\n<div class=\"item wysiwyg component-paragraph\" ><div class=\"container\">\n<p class=\"\">Nurture your spirituality and add more introspection to your daily life with these virtual sessions.<\/p>\n<\/div><\/div>\n\n<div class=\"item wysiwyg component-buttons\" ><div class=\"container\">\n<div class=\"wp-block-buttons is-layout-flex wp-block-buttons-is-layout-flex\">\n<div class=\"wp-block-button is-style-btn--is-outline-primary-color\"><a class=\"wp-block-button__link wp-element-button\" href=\"https:\/\/virtuel.monastere.ca\/collections?category=quete-de-sens\" target=\"_blank\" rel=\"noreferrer noopener\">Discover<\/a><\/div>\n<\/div>\n<\/div><\/div><\/div>\n<\/div>\n<\/div><\/div><\/div>\n<\/div><\/div><\/div>\n\n\n\n    <div class=\"block-quote block-quote--has-background item component-block-quote\">\n        <blockquote class=\"container\">\n            <div class=\"block-quote__container\" style=\"background-image: url(https:\/\/monastere.ca\/wp-content\/uploads\/2023\/09\/citation_chez_soi-min.jpg)\">\n                <div class=\"block-quote__content\">\n                    <p class=\"block-quote__text\">\u201cI really enjoyed this workshop, which was both clear and easy to understand. A good mix of theory and practice. I thought there was a great wealth of information and discussion. It gave me a different perspective. Thank you!\u201d<\/p>\n                    <p class=\"block-quote__author\">\n                        <strong class=\"block-quote__author__name\">St\u00e9phanie Jacques<\/strong>\n                                                    <span class=\"block-quote__author__title\">Participant in the &#8220;Oser l\u2019\u00e9quilibre entre soi et les autres\u201d online course<\/span>\n                                            <\/p>\n                <\/div>\n            <\/div>\n        <\/blockquote>\n    <\/div>\n\n\n\n\n<div class=\"block-cta-texture block-cta-texture--reverse item component-block-cta-texture\" >\n    <div class=\"block-cta-texture__container\">\n        <div class=\"block-cta-texture__wrapper\">\n            <div class=\"block-cta-texture__content\" data-aos=\"fade-up\" data-aos-delay=\"800\">\n                                    <h2 class=\"block-cta-texture__title\">Get some well-deserved R&#038;R with our on-site activities<\/h2>\n                \n                <div class=\"block-cta-texture__text\">\n                    <p><span style=\"font-weight: 400;\">Discover or rediscover Le Monast\u00e8re\u2019s heritage and healing atmosphere with our programs in Old Qu\u00e9bec. Whether you&#8217;re visiting or just passing through, these cultural and wellness activities are sure to do you a world of good!<\/span><\/p>\n                <\/div>\n\n                                    <div class=\"block-cta-texture__buttons\">\n                                                    <a class=\"block-cta-texture__button btn btn--is-secondary-color btn--is-white\" href=\"https:\/\/monastere.ca\/en\/activities\/\" title=\"View the calendar of activities\" target=\"\">\n                                View the calendar of activities                            <\/a>\n                                                                    <\/div>\n                            <\/div>\n\n            <div class=\"block-cta-content__picture\" data-aos=\"fade-up\">\n                <img loading=\"lazy\" decoding=\"async\" width=\"1080\" height=\"801\" src=\"https:\/\/monastere.ca\/wp-content\/uploads\/2023\/09\/activites-sur-place-monastere-augustines-min.jpg\" class=\"attachment-full size-full\" alt=\"\" srcset=\"https:\/\/monastere.ca\/wp-content\/uploads\/2023\/09\/activites-sur-place-monastere-augustines-min.jpg 1080w, https:\/\/monastere.ca\/wp-content\/uploads\/2023\/09\/activites-sur-place-monastere-augustines-min-700x519.jpg 700w, https:\/\/monastere.ca\/wp-content\/uploads\/2023\/09\/activites-sur-place-monastere-augustines-min-1024x759.jpg 1024w, https:\/\/monastere.ca\/wp-content\/uploads\/2023\/09\/activites-sur-place-monastere-augustines-min-768x570.jpg 768w, https:\/\/monastere.ca\/wp-content\/uploads\/2023\/09\/activites-sur-place-monastere-augustines-min-400x297.jpg 400w, https:\/\/monastere.ca\/wp-content\/uploads\/2023\/09\/activites-sur-place-monastere-augustines-min-100x74.jpg 100w, https:\/\/monastere.ca\/wp-content\/uploads\/2023\/09\/activites-sur-place-monastere-augustines-min-954x708.jpg 954w\" sizes=\"auto, (max-width: 1080px) 100vw, 1080px\" \/>                                            <\/div>\n        <\/div>\n    <\/div>\n<\/div>\n","protected":false},"excerpt":{"rendered":"Get inspired by our online courses Before making your selection on Le Monast\u00e8re chez soi, let yourself be guided by your intuition, your interests and your current state of mind. You&#8217;ll be able to choose from a wide range of video and audio content based on Le Monast\u00e8re&#8217;s approach to healing. Health and wellness Tools [&hellip;]","protected":false},"author":1,"featured_media":0,"parent":0,"menu_order":18,"comment_status":"closed","ping_status":"closed","template":"","meta":{"_acf_changed":false,"footnotes":""},"class_list":["post-4660","page","type-page","status-publish","hentry"],"acf":[],"yoast_head":"<!-- This site is optimized with the Yoast SEO plugin v27.3 - https:\/\/yoast.com\/product\/yoast-seo-wordpress\/ -->\n<title>Online courses - Monast\u00e8re des Augustines<\/title>\n<meta name=\"description\" content=\"Take care of yourself with Le Monast\u00e8re des Augustines\u2019 online courses on holistic health, creativity and the search for meaning in your life.\" \/>\n<meta name=\"robots\" content=\"index, follow, max-snippet:-1, max-image-preview:large, max-video-preview:-1\" \/>\n<link rel=\"canonical\" href=\"https:\/\/monastere.ca\/en\/online-courses\/\" \/>\n<meta property=\"og:locale\" content=\"en_US\" \/>\n<meta property=\"og:type\" content=\"article\" \/>\n<meta property=\"og:title\" content=\"Online courses - Monast\u00e8re des Augustines\" \/>\n<meta property=\"og:description\" content=\"Take care of yourself with Le Monast\u00e8re des Augustines\u2019 online courses on holistic health, creativity and the search for meaning in your life.\" \/>\n<meta property=\"og:url\" content=\"https:\/\/monastere.ca\/en\/online-courses\/\" \/>\n<meta property=\"og:site_name\" content=\"Monast\u00e8re des Augustines\" \/>\n<meta property=\"article:publisher\" content=\"https:\/\/www.facebook.com\/monastere.ca\/?locale=fr_CA\" \/>\n<meta property=\"article:modified_time\" content=\"2023-09-26T14:56:33+00:00\" \/>\n<meta property=\"og:image\" content=\"https:\/\/monastere.ca\/wp-content\/uploads\/2023\/09\/monastere-chez-soi-cours-en-ligne-min-1-1024x341.jpg\" \/>\n<meta name=\"twitter:card\" content=\"summary_large_image\" \/>\n<meta name=\"twitter:label1\" content=\"Est. reading time\" \/>\n\t<meta name=\"twitter:data1\" content=\"1 minute\" \/>\n<script type=\"application\/ld+json\" class=\"yoast-schema-graph\">{\"@context\":\"https:\\\/\\\/schema.org\",\"@graph\":[{\"@type\":\"WebPage\",\"@id\":\"https:\\\/\\\/monastere.ca\\\/en\\\/online-courses\\\/\",\"url\":\"https:\\\/\\\/monastere.ca\\\/en\\\/online-courses\\\/\",\"name\":\"Online courses - Monast\u00e8re des Augustines\",\"isPartOf\":{\"@id\":\"https:\\\/\\\/monastere.ca\\\/en\\\/#website\"},\"primaryImageOfPage\":{\"@id\":\"https:\\\/\\\/monastere.ca\\\/en\\\/online-courses\\\/#primaryimage\"},\"image\":{\"@id\":\"https:\\\/\\\/monastere.ca\\\/en\\\/online-courses\\\/#primaryimage\"},\"thumbnailUrl\":\"https:\\\/\\\/monastere.ca\\\/wp-content\\\/uploads\\\/2023\\\/09\\\/monastere-chez-soi-cours-en-ligne-min-1-1024x341.jpg\",\"datePublished\":\"2023-07-12T16:09:39+00:00\",\"dateModified\":\"2023-09-26T14:56:33+00:00\",\"description\":\"Take care of yourself with Le Monast\u00e8re des Augustines\u2019 online courses on holistic health, creativity and the search for meaning in your life.\",\"breadcrumb\":{\"@id\":\"https:\\\/\\\/monastere.ca\\\/en\\\/online-courses\\\/#breadcrumb\"},\"inLanguage\":\"en-US\",\"potentialAction\":[{\"@type\":\"ReadAction\",\"target\":[\"https:\\\/\\\/monastere.ca\\\/en\\\/online-courses\\\/\"]}]},{\"@type\":\"ImageObject\",\"inLanguage\":\"en-US\",\"@id\":\"https:\\\/\\\/monastere.ca\\\/en\\\/online-courses\\\/#primaryimage\",\"url\":\"https:\\\/\\\/monastere.ca\\\/wp-content\\\/uploads\\\/2023\\\/09\\\/monastere-chez-soi-cours-en-ligne-min-1-1024x341.jpg\",\"contentUrl\":\"https:\\\/\\\/monastere.ca\\\/wp-content\\\/uploads\\\/2023\\\/09\\\/monastere-chez-soi-cours-en-ligne-min-1-1024x341.jpg\"},{\"@type\":\"BreadcrumbList\",\"@id\":\"https:\\\/\\\/monastere.ca\\\/en\\\/online-courses\\\/#breadcrumb\",\"itemListElement\":[{\"@type\":\"ListItem\",\"position\":1,\"name\":\"Accueil\",\"item\":\"https:\\\/\\\/monastere.ca\\\/en\\\/\"},{\"@type\":\"ListItem\",\"position\":2,\"name\":\"Online courses\"}]},{\"@type\":\"WebSite\",\"@id\":\"https:\\\/\\\/monastere.ca\\\/en\\\/#website\",\"url\":\"https:\\\/\\\/monastere.ca\\\/en\\\/\",\"name\":\"Monast\u00e8re des Augustines\",\"description\":\"Monast\u00e8re des Augustines, un havre patrimonial authentique de sant\u00e9 et de mieux-\u00eatre avec atelier, spa, mus\u00e9e, restaurant et h\u00f4tellerie au Qu\u00e9bec.\",\"publisher\":{\"@id\":\"https:\\\/\\\/monastere.ca\\\/en\\\/#organization\"},\"potentialAction\":[{\"@type\":\"SearchAction\",\"target\":{\"@type\":\"EntryPoint\",\"urlTemplate\":\"https:\\\/\\\/monastere.ca\\\/en\\\/?s={search_term_string}\"},\"query-input\":{\"@type\":\"PropertyValueSpecification\",\"valueRequired\":true,\"valueName\":\"search_term_string\"}}],\"inLanguage\":\"en-US\"},{\"@type\":\"Organization\",\"@id\":\"https:\\\/\\\/monastere.ca\\\/en\\\/#organization\",\"name\":\"Monast\u00e8re des Augustines\",\"url\":\"https:\\\/\\\/monastere.ca\\\/en\\\/\",\"logo\":{\"@type\":\"ImageObject\",\"inLanguage\":\"en-US\",\"@id\":\"https:\\\/\\\/monastere.ca\\\/en\\\/#\\\/schema\\\/logo\\\/image\\\/\",\"url\":\"https:\\\/\\\/monastere.ca\\\/wp-content\\\/uploads\\\/2023\\\/07\\\/logo-monastere.svg\",\"contentUrl\":\"https:\\\/\\\/monastere.ca\\\/wp-content\\\/uploads\\\/2023\\\/07\\\/logo-monastere.svg\",\"width\":1,\"height\":1,\"caption\":\"Monast\u00e8re des Augustines\"},\"image\":{\"@id\":\"https:\\\/\\\/monastere.ca\\\/en\\\/#\\\/schema\\\/logo\\\/image\\\/\"},\"sameAs\":[\"https:\\\/\\\/www.facebook.com\\\/monastere.ca\\\/?locale=fr_CA\",\"https:\\\/\\\/www.instagram.com\\\/lemonasteredesaugustines\\\/\",\"https:\\\/\\\/www.linkedin.com\\\/company\\\/le-monastere-des-augustines\\\/?originalSubdomain=ca\",\"https:\\\/\\\/fr.tripadvisor.ca\\\/Hotel_Review-g155033-d8460643-Reviews-Le_Monastere_des_Augustines-Quebec_City_Quebec.html\"]}]}<\/script>\n<!-- \/ Yoast SEO plugin. -->","yoast_head_json":{"title":"Online courses - Monast\u00e8re des Augustines","description":"Take care of yourself with Le Monast\u00e8re des Augustines\u2019 online courses on holistic health, creativity and the search for meaning in your life.","robots":{"index":"index","follow":"follow","max-snippet":"max-snippet:-1","max-image-preview":"max-image-preview:large","max-video-preview":"max-video-preview:-1"},"canonical":"https:\/\/monastere.ca\/en\/online-courses\/","og_locale":"en_US","og_type":"article","og_title":"Online courses - Monast\u00e8re des Augustines","og_description":"Take care of yourself with Le Monast\u00e8re des Augustines\u2019 online courses on holistic health, creativity and the search for meaning in your life.","og_url":"https:\/\/monastere.ca\/en\/online-courses\/","og_site_name":"Monast\u00e8re des Augustines","article_publisher":"https:\/\/www.facebook.com\/monastere.ca\/?locale=fr_CA","article_modified_time":"2023-09-26T14:56:33+00:00","og_image":[{"url":"https:\/\/monastere.ca\/wp-content\/uploads\/2023\/09\/monastere-chez-soi-cours-en-ligne-min-1-1024x341.jpg","type":"","width":"","height":""}],"twitter_card":"summary_large_image","twitter_misc":{"Est. reading time":"1 minute"},"schema":{"@context":"https:\/\/schema.org","@graph":[{"@type":"WebPage","@id":"https:\/\/monastere.ca\/en\/online-courses\/","url":"https:\/\/monastere.ca\/en\/online-courses\/","name":"Online courses - Monast\u00e8re des Augustines","isPartOf":{"@id":"https:\/\/monastere.ca\/en\/#website"},"primaryImageOfPage":{"@id":"https:\/\/monastere.ca\/en\/online-courses\/#primaryimage"},"image":{"@id":"https:\/\/monastere.ca\/en\/online-courses\/#primaryimage"},"thumbnailUrl":"https:\/\/monastere.ca\/wp-content\/uploads\/2023\/09\/monastere-chez-soi-cours-en-ligne-min-1-1024x341.jpg","datePublished":"2023-07-12T16:09:39+00:00","dateModified":"2023-09-26T14:56:33+00:00","description":"Take care of yourself with Le Monast\u00e8re des Augustines\u2019 online courses on holistic health, creativity and the search for meaning in your life.","breadcrumb":{"@id":"https:\/\/monastere.ca\/en\/online-courses\/#breadcrumb"},"inLanguage":"en-US","potentialAction":[{"@type":"ReadAction","target":["https:\/\/monastere.ca\/en\/online-courses\/"]}]},{"@type":"ImageObject","inLanguage":"en-US","@id":"https:\/\/monastere.ca\/en\/online-courses\/#primaryimage","url":"https:\/\/monastere.ca\/wp-content\/uploads\/2023\/09\/monastere-chez-soi-cours-en-ligne-min-1-1024x341.jpg","contentUrl":"https:\/\/monastere.ca\/wp-content\/uploads\/2023\/09\/monastere-chez-soi-cours-en-ligne-min-1-1024x341.jpg"},{"@type":"BreadcrumbList","@id":"https:\/\/monastere.ca\/en\/online-courses\/#breadcrumb","itemListElement":[{"@type":"ListItem","position":1,"name":"Accueil","item":"https:\/\/monastere.ca\/en\/"},{"@type":"ListItem","position":2,"name":"Online courses"}]},{"@type":"WebSite","@id":"https:\/\/monastere.ca\/en\/#website","url":"https:\/\/monastere.ca\/en\/","name":"Monast\u00e8re des Augustines","description":"Monast\u00e8re des Augustines, un havre patrimonial authentique de sant\u00e9 et de mieux-\u00eatre avec atelier, spa, mus\u00e9e, restaurant et h\u00f4tellerie au Qu\u00e9bec.","publisher":{"@id":"https:\/\/monastere.ca\/en\/#organization"},"potentialAction":[{"@type":"SearchAction","target":{"@type":"EntryPoint","urlTemplate":"https:\/\/monastere.ca\/en\/?s={search_term_string}"},"query-input":{"@type":"PropertyValueSpecification","valueRequired":true,"valueName":"search_term_string"}}],"inLanguage":"en-US"},{"@type":"Organization","@id":"https:\/\/monastere.ca\/en\/#organization","name":"Monast\u00e8re des Augustines","url":"https:\/\/monastere.ca\/en\/","logo":{"@type":"ImageObject","inLanguage":"en-US","@id":"https:\/\/monastere.ca\/en\/#\/schema\/logo\/image\/","url":"https:\/\/monastere.ca\/wp-content\/uploads\/2023\/07\/logo-monastere.svg","contentUrl":"https:\/\/monastere.ca\/wp-content\/uploads\/2023\/07\/logo-monastere.svg","width":1,"height":1,"caption":"Monast\u00e8re des Augustines"},"image":{"@id":"https:\/\/monastere.ca\/en\/#\/schema\/logo\/image\/"},"sameAs":["https:\/\/www.facebook.com\/monastere.ca\/?locale=fr_CA","https:\/\/www.instagram.com\/lemonasteredesaugustines\/","https:\/\/www.linkedin.com\/company\/le-monastere-des-augustines\/?originalSubdomain=ca","https:\/\/fr.tripadvisor.ca\/Hotel_Review-g155033-d8460643-Reviews-Le_Monastere_des_Augustines-Quebec_City_Quebec.html"]}]}},"publishpress_future_workflow_manual_trigger":{"enabledWorkflows":[]},"_links":{"self":[{"href":"https:\/\/monastere.ca\/en\/wp-json\/wp\/v2\/pages\/4660","targetHints":{"allow":["GET"]}}],"collection":[{"href":"https:\/\/monastere.ca\/en\/wp-json\/wp\/v2\/pages"}],"about":[{"href":"https:\/\/monastere.ca\/en\/wp-json\/wp\/v2\/types\/page"}],"author":[{"embeddable":true,"href":"https:\/\/monastere.ca\/en\/wp-json\/wp\/v2\/users\/1"}],"replies":[{"embeddable":true,"href":"https:\/\/monastere.ca\/en\/wp-json\/wp\/v2\/comments?post=4660"}],"version-history":[{"count":7,"href":"https:\/\/monastere.ca\/en\/wp-json\/wp\/v2\/pages\/4660\/revisions"}],"predecessor-version":[{"id":5980,"href":"https:\/\/monastere.ca\/en\/wp-json\/wp\/v2\/pages\/4660\/revisions\/5980"}],"wp:attachment":[{"href":"https:\/\/monastere.ca\/en\/wp-json\/wp\/v2\/media?parent=4660"}],"curies":[{"name":"wp","href":"https:\/\/api.w.org\/{rel}","templated":true}]}}