{"id":4629,"date":"2023-07-12T12:31:56","date_gmt":"2023-07-12T16:31:56","guid":{"rendered":"https:\/\/monastere.ca\/medias\/"},"modified":"2024-07-25T15:31:59","modified_gmt":"2024-07-25T19:31:59","slug":"medias","status":"publish","type":"page","link":"https:\/\/monastere.ca\/en\/medias\/","title":{"rendered":"Media"},"content":{"rendered":"<div class=\"item wysiwyg component-image\" ><div class=\"container\">\n<figure class=\"wp-block-image size-full\"><img loading=\"lazy\" decoding=\"async\" width=\"1440\" height=\"720\" src=\"https:\/\/monastere.ca\/wp-content\/uploads\/2023\/09\/presse-et-medias-monastere-augustines-quebec-min.jpg\" alt=\"\" class=\"wp-image-3708\" srcset=\"https:\/\/monastere.ca\/wp-content\/uploads\/2023\/09\/presse-et-medias-monastere-augustines-quebec-min.jpg 1440w, https:\/\/monastere.ca\/wp-content\/uploads\/2023\/09\/presse-et-medias-monastere-augustines-quebec-min-700x350.jpg 700w, https:\/\/monastere.ca\/wp-content\/uploads\/2023\/09\/presse-et-medias-monastere-augustines-quebec-min-1024x512.jpg 1024w, https:\/\/monastere.ca\/wp-content\/uploads\/2023\/09\/presse-et-medias-monastere-augustines-quebec-min-768x384.jpg 768w, https:\/\/monastere.ca\/wp-content\/uploads\/2023\/09\/presse-et-medias-monastere-augustines-quebec-min-400x200.jpg 400w, https:\/\/monastere.ca\/wp-content\/uploads\/2023\/09\/presse-et-medias-monastere-augustines-quebec-min-100x50.jpg 100w, https:\/\/monastere.ca\/wp-content\/uploads\/2023\/09\/presse-et-medias-monastere-augustines-quebec-min-954x477.jpg 954w\" sizes=\"auto, (max-width: 1440px) 100vw, 1440px\" \/><\/figure>\n<\/div><\/div>\n\n<div class=\"item wysiwyg component-columns\" ><div class=\"container\">\n<div class=\"wp-block-columns is-layout-flex wp-container-core-columns-is-layout-9d6595d7 wp-block-columns-is-layout-flex\">\n<div class=\"wp-block-column is-layout-flow wp-block-column-is-layout-flow\"><div class=\"item wysiwyg component-heading\" ><div class=\"container\">\n<h2 class=\"wp-block-heading is-style-h5\">Press review<\/h2>\n<\/div><\/div>\n\n<div class=\"item wysiwyg component-paragraph\" ><div class=\"container\">\n<p class=\"\">Le Monast\u00e8re des Augustines is both steeped in history and rooted in the present. See what the press and media have had to say about us since the project began.<\/p>\n<\/div><\/div>\n\n<div class=\"item wysiwyg component-buttons\" ><div class=\"container\">\n<div class=\"wp-block-buttons is-layout-flex wp-block-buttons-is-layout-flex\">\n<div class=\"wp-block-button is-style-btn--is-outline-primary-color\"><a class=\"wp-block-button__link wp-element-button\" href=\"https:\/\/monastere.ca\/en\/press-review-media\/\">See more<\/a><\/div>\n<\/div>\n<\/div><\/div><\/div>\n\n\n\n<div class=\"wp-block-column is-layout-flow wp-block-column-is-layout-flow\"><div class=\"item wysiwyg component-heading\" ><div class=\"container\">\n<h2 class=\"wp-block-heading is-style-h5\">Press releases<\/h2>\n<\/div><\/div>\n\n<div class=\"item wysiwyg component-paragraph\" ><div class=\"container\">\n<p class=\"\">Since its opening in 2015, Le Monast\u00e8re des Augustines has been constantly evolving. Check out our press releases for highlights from our non-profit organization.<\/p>\n<\/div><\/div>\n\n<div class=\"item wysiwyg component-buttons\" ><div class=\"container\">\n<div class=\"wp-block-buttons is-layout-flex wp-block-buttons-is-layout-flex\">\n<div class=\"wp-block-button is-style-btn--is-outline-primary-color\"><a class=\"wp-block-button__link wp-element-button\" href=\"https:\/\/monastere.ca\/en\/press-releases\/\">See more<\/a><\/div>\n<\/div>\n<\/div><\/div><\/div>\n<\/div>\n<\/div><\/div>\n\n<div class=\"item wysiwyg component-columns\" ><div class=\"container\">\n<div class=\"wp-block-columns is-layout-flex wp-container-core-columns-is-layout-9d6595d7 wp-block-columns-is-layout-flex\">\n<div class=\"wp-block-column is-layout-flow wp-block-column-is-layout-flow\"><div class=\"item wysiwyg component-heading\" ><div class=\"container\">\n<h2 class=\"wp-block-heading is-style-h5\">Press and media inquiries<\/h2>\n<\/div><\/div>\n\n<div class=\"item wysiwyg component-paragraph\" ><div class=\"container\">\n<p class=\"\">For all requests for interviews, filming, press trips, partnerships or use of our logo, please contact Caroline Maheu at <a href=\"mailto:cmaheu@monastere.ca\">cmaheu@monastere.ca<\/a>.<\/p>\n<\/div><\/div>\n\n<div class=\"item wysiwyg component-buttons\" ><div class=\"container\">\n<div class=\"wp-block-buttons is-layout-flex wp-block-buttons-is-layout-flex\">\n<div class=\"wp-block-button is-style-btn--is-outline-primary-color\"><a class=\"wp-block-button__link wp-element-button\" href=\"mailto:cmaheu@monastere.ca\" target=\"_blank\" rel=\"noreferrer noopener\">Write an email<\/a><\/div>\n<\/div>\n<\/div><\/div><\/div>\n\n\n\n<div class=\"wp-block-column is-layout-flow wp-block-column-is-layout-flow\"><div class=\"item wysiwyg component-heading\" ><div class=\"container\">\n<h2 class=\"wp-block-heading is-style-h5\">Download photos<\/h2>\n<\/div><\/div>\n\n<div class=\"item wysiwyg component-paragraph\" ><div class=\"container\">\n<p class=\"\">For your visual needs, you can download Le Monast\u00e8re photo kit (photo credit: Le Monast\u00e8re des Augustines) or contact us.<\/p>\n<\/div><\/div>\n\n<div class=\"item wysiwyg component-buttons\" ><div class=\"container\">\n<div class=\"wp-block-buttons is-layout-flex wp-block-buttons-is-layout-flex\">\n<div class=\"wp-block-button is-style-btn--is-outline-primary-color\"><a class=\"wp-block-button__link wp-element-button\" href=\"https:\/\/drive.google.com\/drive\/folders\/10mYeF1rWXVN7iU75TA6PxFMaDL2v3_eB?usp=sharing\" target=\"_blank\" rel=\"noreferrer noopener\">Download photo kit<\/a><\/div>\n<\/div>\n<\/div><\/div><\/div>\n<\/div>\n<\/div><\/div>\n\n\n                        <div class=\"block-list-simple-text-icon item component-block-list-simple-text-icon\">\n                <div class=\"container block-list-simple-text-icon--col-three\">\n                                            <div class=\"block-list-simple-text-icon__block\">\n                            <div>\n                                                                <p class=\"block-list-simple-text-icon__block__title\">About Le Monast\u00e8re<\/p>\n                                <p>Discover Le Monast\u00e8re, some key members of our team, and our sister organizations.<\/p>\n                            <\/div>\n                            <a href=\"https:\/\/monastere.ca\/en\/about\/\">\n                                Learn more                                <svg width=\"8px\" height=\"12px\">\n                                    <use xlink:href=\"#ico-chevron-link\"><\/use>\n                                <\/svg>\n                            <\/a>\n                        <\/div>\n                                            <div class=\"block-list-simple-text-icon__block\">\n                            <div>\n                                                                <p class=\"block-list-simple-text-icon__block__title\">Our cultural and social mission<\/p>\n                                <p>In addition to preserving and disseminating the Augustinian heritage, Le Monast\u00e8re cares for those who care for others. <\/p>\n                            <\/div>\n                            <a href=\"https:\/\/monastere.ca\/en\/mission\/\">\n                                Learn more                                <svg width=\"8px\" height=\"12px\">\n                                    <use xlink:href=\"#ico-chevron-link\"><\/use>\n                                <\/svg>\n                            <\/a>\n                        <\/div>\n                                            <div class=\"block-list-simple-text-icon__block\">\n                            <div>\n                                                                <p class=\"block-list-simple-text-icon__block__title\">We care about the planet<\/p>\n                                <p>Find out why sustainable development is one of the project&#8217;s founding principles and explore our eco-friendly initiatives.<\/p>\n                            <\/div>\n                            <a href=\"https:\/\/monastere.ca\/en\/sustainable-development\/\">\n                                Learn more                                <svg width=\"8px\" height=\"12px\">\n                                    <use xlink:href=\"#ico-chevron-link\"><\/use>\n                                <\/svg>\n                            <\/a>\n                        <\/div>\n                                    <\/div>\n            <\/div>\n            ","protected":false},"excerpt":{"rendered":"Press review Le Monast\u00e8re des Augustines is both steeped in history and rooted in the present. See what the press and media have had to say about us since the project began. Press releases Since its opening in 2015, Le Monast\u00e8re des Augustines has been constantly evolving. Check out our press releases for highlights from [&hellip;]","protected":false},"author":1,"featured_media":0,"parent":0,"menu_order":8,"comment_status":"closed","ping_status":"closed","template":"","meta":{"_acf_changed":false,"footnotes":""},"class_list":["post-4629","page","type-page","status-publish","hentry"],"acf":[],"yoast_head":"<!-- This site is optimized with the Yoast SEO plugin v25.0 - https:\/\/yoast.com\/wordpress\/plugins\/seo\/ -->\n<title>Media - Monast\u00e8re des Augustines<\/title>\n<meta name=\"description\" content=\"Find out what&#039;s being said about Le Monast\u00e8re des Augustines\u2019, our latest news and how to address your press or media inquiries to our team.\" \/>\n<meta name=\"robots\" content=\"index, nofollow, max-snippet:-1, max-image-preview:large, max-video-preview:-1\" \/>\n<link rel=\"canonical\" href=\"https:\/\/monastere.ca\/en\/medias\/\" \/>\n<meta property=\"og:locale\" content=\"en_US\" \/>\n<meta property=\"og:type\" content=\"article\" \/>\n<meta property=\"og:title\" content=\"Media - Monast\u00e8re des Augustines\" \/>\n<meta property=\"og:description\" content=\"Find out what&#039;s being said about Le Monast\u00e8re des Augustines\u2019, our latest news and how to address your press or media inquiries to our team.\" \/>\n<meta property=\"og:url\" content=\"https:\/\/monastere.ca\/en\/medias\/\" \/>\n<meta property=\"og:site_name\" content=\"Monast\u00e8re des Augustines\" \/>\n<meta property=\"article:publisher\" content=\"https:\/\/www.facebook.com\/monastere.ca\/?locale=fr_CA\" \/>\n<meta property=\"article:modified_time\" content=\"2024-07-25T19:31:59+00:00\" \/>\n<meta property=\"og:image\" content=\"https:\/\/monastere.ca\/wp-content\/uploads\/2023\/09\/presse-et-medias-monastere-augustines-quebec-min.jpg\" \/>\n<meta name=\"twitter:card\" content=\"summary_large_image\" \/>\n<meta name=\"twitter:label1\" content=\"Est. reading time\" \/>\n\t<meta name=\"twitter:data1\" content=\"1 minute\" \/>\n<script type=\"application\/ld+json\" class=\"yoast-schema-graph\">{\"@context\":\"https:\/\/schema.org\",\"@graph\":[{\"@type\":\"WebPage\",\"@id\":\"https:\/\/monastere.ca\/en\/medias\/\",\"url\":\"https:\/\/monastere.ca\/en\/medias\/\",\"name\":\"Media - Monast\u00e8re des Augustines\",\"isPartOf\":{\"@id\":\"https:\/\/monastere.ca\/en\/#website\"},\"primaryImageOfPage\":{\"@id\":\"https:\/\/monastere.ca\/en\/medias\/#primaryimage\"},\"image\":{\"@id\":\"https:\/\/monastere.ca\/en\/medias\/#primaryimage\"},\"thumbnailUrl\":\"https:\/\/monastere.ca\/wp-content\/uploads\/2023\/09\/presse-et-medias-monastere-augustines-quebec-min.jpg\",\"datePublished\":\"2023-07-12T16:31:56+00:00\",\"dateModified\":\"2024-07-25T19:31:59+00:00\",\"description\":\"Find out what's being said about Le Monast\u00e8re des Augustines\u2019, our latest news and how to address your press or media inquiries to our team.\",\"breadcrumb\":{\"@id\":\"https:\/\/monastere.ca\/en\/medias\/#breadcrumb\"},\"inLanguage\":\"en-US\",\"potentialAction\":[{\"@type\":\"ReadAction\",\"target\":[\"https:\/\/monastere.ca\/en\/medias\/\"]}]},{\"@type\":\"ImageObject\",\"inLanguage\":\"en-US\",\"@id\":\"https:\/\/monastere.ca\/en\/medias\/#primaryimage\",\"url\":\"https:\/\/monastere.ca\/wp-content\/uploads\/2023\/09\/presse-et-medias-monastere-augustines-quebec-min.jpg\",\"contentUrl\":\"https:\/\/monastere.ca\/wp-content\/uploads\/2023\/09\/presse-et-medias-monastere-augustines-quebec-min.jpg\"},{\"@type\":\"BreadcrumbList\",\"@id\":\"https:\/\/monastere.ca\/en\/medias\/#breadcrumb\",\"itemListElement\":[{\"@type\":\"ListItem\",\"position\":1,\"name\":\"Accueil\",\"item\":\"https:\/\/monastere.ca\/en\/\"},{\"@type\":\"ListItem\",\"position\":2,\"name\":\"Media\"}]},{\"@type\":\"WebSite\",\"@id\":\"https:\/\/monastere.ca\/en\/#website\",\"url\":\"https:\/\/monastere.ca\/en\/\",\"name\":\"Monast\u00e8re des Augustines\",\"description\":\"Monast\u00e8re des Augustines, un havre patrimonial authentique de sant\u00e9 et de mieux-\u00eatre avec atelier, spa, mus\u00e9e, restaurant et h\u00f4tellerie au Qu\u00e9bec.\",\"publisher\":{\"@id\":\"https:\/\/monastere.ca\/en\/#organization\"},\"potentialAction\":[{\"@type\":\"SearchAction\",\"target\":{\"@type\":\"EntryPoint\",\"urlTemplate\":\"https:\/\/monastere.ca\/en\/?s={search_term_string}\"},\"query-input\":{\"@type\":\"PropertyValueSpecification\",\"valueRequired\":true,\"valueName\":\"search_term_string\"}}],\"inLanguage\":\"en-US\"},{\"@type\":\"Organization\",\"@id\":\"https:\/\/monastere.ca\/en\/#organization\",\"name\":\"Monast\u00e8re des Augustines\",\"url\":\"https:\/\/monastere.ca\/en\/\",\"logo\":{\"@type\":\"ImageObject\",\"inLanguage\":\"en-US\",\"@id\":\"https:\/\/monastere.ca\/en\/#\/schema\/logo\/image\/\",\"url\":\"https:\/\/monastere.ca\/wp-content\/uploads\/2023\/07\/logo-monastere.svg\",\"contentUrl\":\"https:\/\/monastere.ca\/wp-content\/uploads\/2023\/07\/logo-monastere.svg\",\"width\":1,\"height\":1,\"caption\":\"Monast\u00e8re des Augustines\"},\"image\":{\"@id\":\"https:\/\/monastere.ca\/en\/#\/schema\/logo\/image\/\"},\"sameAs\":[\"https:\/\/www.facebook.com\/monastere.ca\/?locale=fr_CA\",\"https:\/\/www.instagram.com\/lemonasteredesaugustines\/\",\"https:\/\/www.linkedin.com\/company\/le-monastere-des-augustines\/?originalSubdomain=ca\",\"https:\/\/fr.tripadvisor.ca\/Hotel_Review-g155033-d8460643-Reviews-Le_Monastere_des_Augustines-Quebec_City_Quebec.html\"]}]}<\/script>\n<!-- \/ Yoast SEO plugin. -->","yoast_head_json":{"title":"Media - Monast\u00e8re des Augustines","description":"Find out what's being said about Le Monast\u00e8re des Augustines\u2019, our latest news and how to address your press or media inquiries to our team.","robots":{"index":"index","follow":"nofollow","max-snippet":"max-snippet:-1","max-image-preview":"max-image-preview:large","max-video-preview":"max-video-preview:-1"},"canonical":"https:\/\/monastere.ca\/en\/medias\/","og_locale":"en_US","og_type":"article","og_title":"Media - Monast\u00e8re des Augustines","og_description":"Find out what's being said about Le Monast\u00e8re des Augustines\u2019, our latest news and how to address your press or media inquiries to our team.","og_url":"https:\/\/monastere.ca\/en\/medias\/","og_site_name":"Monast\u00e8re des Augustines","article_publisher":"https:\/\/www.facebook.com\/monastere.ca\/?locale=fr_CA","article_modified_time":"2024-07-25T19:31:59+00:00","og_image":[{"url":"https:\/\/monastere.ca\/wp-content\/uploads\/2023\/09\/presse-et-medias-monastere-augustines-quebec-min.jpg","type":"","width":"","height":""}],"twitter_card":"summary_large_image","twitter_misc":{"Est. reading time":"1 minute"},"schema":{"@context":"https:\/\/schema.org","@graph":[{"@type":"WebPage","@id":"https:\/\/monastere.ca\/en\/medias\/","url":"https:\/\/monastere.ca\/en\/medias\/","name":"Media - Monast\u00e8re des Augustines","isPartOf":{"@id":"https:\/\/monastere.ca\/en\/#website"},"primaryImageOfPage":{"@id":"https:\/\/monastere.ca\/en\/medias\/#primaryimage"},"image":{"@id":"https:\/\/monastere.ca\/en\/medias\/#primaryimage"},"thumbnailUrl":"https:\/\/monastere.ca\/wp-content\/uploads\/2023\/09\/presse-et-medias-monastere-augustines-quebec-min.jpg","datePublished":"2023-07-12T16:31:56+00:00","dateModified":"2024-07-25T19:31:59+00:00","description":"Find out what's being said about Le Monast\u00e8re des Augustines\u2019, our latest news and how to address your press or media inquiries to our team.","breadcrumb":{"@id":"https:\/\/monastere.ca\/en\/medias\/#breadcrumb"},"inLanguage":"en-US","potentialAction":[{"@type":"ReadAction","target":["https:\/\/monastere.ca\/en\/medias\/"]}]},{"@type":"ImageObject","inLanguage":"en-US","@id":"https:\/\/monastere.ca\/en\/medias\/#primaryimage","url":"https:\/\/monastere.ca\/wp-content\/uploads\/2023\/09\/presse-et-medias-monastere-augustines-quebec-min.jpg","contentUrl":"https:\/\/monastere.ca\/wp-content\/uploads\/2023\/09\/presse-et-medias-monastere-augustines-quebec-min.jpg"},{"@type":"BreadcrumbList","@id":"https:\/\/monastere.ca\/en\/medias\/#breadcrumb","itemListElement":[{"@type":"ListItem","position":1,"name":"Accueil","item":"https:\/\/monastere.ca\/en\/"},{"@type":"ListItem","position":2,"name":"Media"}]},{"@type":"WebSite","@id":"https:\/\/monastere.ca\/en\/#website","url":"https:\/\/monastere.ca\/en\/","name":"Monast\u00e8re des Augustines","description":"Monast\u00e8re des Augustines, un havre patrimonial authentique de sant\u00e9 et de mieux-\u00eatre avec atelier, spa, mus\u00e9e, restaurant et h\u00f4tellerie au Qu\u00e9bec.","publisher":{"@id":"https:\/\/monastere.ca\/en\/#organization"},"potentialAction":[{"@type":"SearchAction","target":{"@type":"EntryPoint","urlTemplate":"https:\/\/monastere.ca\/en\/?s={search_term_string}"},"query-input":{"@type":"PropertyValueSpecification","valueRequired":true,"valueName":"search_term_string"}}],"inLanguage":"en-US"},{"@type":"Organization","@id":"https:\/\/monastere.ca\/en\/#organization","name":"Monast\u00e8re des Augustines","url":"https:\/\/monastere.ca\/en\/","logo":{"@type":"ImageObject","inLanguage":"en-US","@id":"https:\/\/monastere.ca\/en\/#\/schema\/logo\/image\/","url":"https:\/\/monastere.ca\/wp-content\/uploads\/2023\/07\/logo-monastere.svg","contentUrl":"https:\/\/monastere.ca\/wp-content\/uploads\/2023\/07\/logo-monastere.svg","width":1,"height":1,"caption":"Monast\u00e8re des Augustines"},"image":{"@id":"https:\/\/monastere.ca\/en\/#\/schema\/logo\/image\/"},"sameAs":["https:\/\/www.facebook.com\/monastere.ca\/?locale=fr_CA","https:\/\/www.instagram.com\/lemonasteredesaugustines\/","https:\/\/www.linkedin.com\/company\/le-monastere-des-augustines\/?originalSubdomain=ca","https:\/\/fr.tripadvisor.ca\/Hotel_Review-g155033-d8460643-Reviews-Le_Monastere_des_Augustines-Quebec_City_Quebec.html"]}]}},"publishpress_future_workflow_manual_trigger":{"enabledWorkflows":[]},"_links":{"self":[{"href":"https:\/\/monastere.ca\/en\/wp-json\/wp\/v2\/pages\/4629","targetHints":{"allow":["GET"]}}],"collection":[{"href":"https:\/\/monastere.ca\/en\/wp-json\/wp\/v2\/pages"}],"about":[{"href":"https:\/\/monastere.ca\/en\/wp-json\/wp\/v2\/types\/page"}],"author":[{"embeddable":true,"href":"https:\/\/monastere.ca\/en\/wp-json\/wp\/v2\/users\/1"}],"replies":[{"embeddable":true,"href":"https:\/\/monastere.ca\/en\/wp-json\/wp\/v2\/comments?post=4629"}],"version-history":[{"count":11,"href":"https:\/\/monastere.ca\/en\/wp-json\/wp\/v2\/pages\/4629\/revisions"}],"predecessor-version":[{"id":9562,"href":"https:\/\/monastere.ca\/en\/wp-json\/wp\/v2\/pages\/4629\/revisions\/9562"}],"wp:attachment":[{"href":"https:\/\/monastere.ca\/en\/wp-json\/wp\/v2\/media?parent=4629"}],"curies":[{"name":"wp","href":"https:\/\/api.w.org\/{rel}","templated":true}]}}