{"id":4564,"date":"2023-07-12T12:33:48","date_gmt":"2023-07-12T16:33:48","guid":{"rendered":"https:\/\/monastere.ca\/?page_id=4564"},"modified":"2025-03-13T14:48:03","modified_gmt":"2025-03-13T18:48:03","slug":"terms-and-conditions","status":"publish","type":"page","link":"https:\/\/monastere.ca\/en\/terms-and-conditions\/","title":{"rendered":"Our terms and conditions"},"content":{"rendered":"<div class=\"item wysiwyg component-image\" ><div class=\"container\">\n<figure class=\"wp-block-image size-full\"><img loading=\"lazy\" decoding=\"async\" width=\"1440\" height=\"480\" src=\"https:\/\/monastere.ca\/wp-content\/uploads\/2023\/07\/bandeau-sejourner.jpg\" alt=\"\" class=\"wp-image-17\" srcset=\"https:\/\/monastere.ca\/wp-content\/uploads\/2023\/07\/bandeau-sejourner.jpg 1440w, https:\/\/monastere.ca\/wp-content\/uploads\/2023\/07\/bandeau-sejourner-700x233.jpg 700w, https:\/\/monastere.ca\/wp-content\/uploads\/2023\/07\/bandeau-sejourner-1024x341.jpg 1024w, https:\/\/monastere.ca\/wp-content\/uploads\/2023\/07\/bandeau-sejourner-768x256.jpg 768w, https:\/\/monastere.ca\/wp-content\/uploads\/2023\/07\/bandeau-sejourner-400x133.jpg 400w, https:\/\/monastere.ca\/wp-content\/uploads\/2023\/07\/bandeau-sejourner-100x33.jpg 100w\" sizes=\"auto, (max-width: 1440px) 100vw, 1440px\" \/><\/figure>\n<\/div><\/div>\n\n<div class=\"item wysiwyg component-columns\" ><div class=\"container\">\n<div class=\"wp-block-columns is-layout-flex wp-container-core-columns-is-layout-9d6595d7 wp-block-columns-is-layout-flex\">\n<div class=\"wp-block-column is-layout-flow wp-block-column-is-layout-flow\" style=\"flex-basis:15%\"><\/div>\n\n\n\n<div class=\"wp-block-column is-layout-flow wp-block-column-is-layout-flow\" style=\"flex-basis:70%\"><div class=\"item wysiwyg component-heading\" ><div class=\"container\">\n<h2 class=\"wp-block-heading is-style-h3\">Confidentiality and privacy policy<\/h2>\n<\/div><\/div>\n\n<div class=\"item wysiwyg component-paragraph\" ><div class=\"container\">\n<p>In accordance with Bill 25, An Act to modernize legislative provisions as regards the protection of personal information, Le Monast\u00e8re des Augustines has implemented policies and practices that govern the use of personal information. Le Monast\u00e8re has, among others, <a href=\"https:\/\/monastere.ca\/wp-content\/uploads\/2025\/03\/Politique-de-confidentialite_Le-Monastere_2025.pdf\">a policy<\/a> that describes how it handles your personal information, including the purposes for which it collects your personal information. This policy also contains important information about your rights with respect to your personal information and how you can exercise them.<\/p>\n<\/div><\/div>\n\n<div class=\"item wysiwyg component-paragraph\" ><div class=\"container\">\n<p>If you have any questions, comments or concerns about how we handle your personal information, we invite you to contact us.<\/p>\n<\/div><\/div>\n\n<div class=\"item wysiwyg component-paragraph\" ><div class=\"container\">\n<p>By e-mail: <a href=\"mailto:prp@monastere.ca\">prp@monastere.ca<\/a><br><br>By phone 418 694-1639 poste 3323<br><br>By mail :&nbsp;<\/p>\n<\/div><\/div>\n\n<div class=\"item wysiwyg component-paragraph\" ><div class=\"container\">\n<p>Le Monast\u00e8re des Augustines<br>Attention: Privacy Officer<br>77 rue des Remparts<br>Qu\u00e9bec, QC G1R 0C3<\/p>\n<\/div><\/div>\n\n<div class=\"item wysiwyg component-heading\" ><div class=\"container\">\n<h2 class=\"wp-block-heading is-style-h3\">Security<\/h2>\n<\/div><\/div>\n\n<div class=\"item wysiwyg component-paragraph\" ><div class=\"container\">\n<p>All transactions through http:\/\/www.monastere.ca Website are processed via a secure server to prevent unauthorized access to data during the transfer process between your computer and the server. The presence of a \u201cgreen lock\u201d icon in the status bar at the bottom of your browser (on transaction pages) ensures and confirms the security of the page as well as the data transfer process.<\/p>\n<\/div><\/div>\n\n<div class=\"item wysiwyg component-paragraph\" ><div class=\"container\">\n<p>In compliance with Bill 25, Le Monast\u00e8re des Augustines keeps a register of confidentiality incidents.<\/p>\n<\/div><\/div>\n\n<div class=\"item wysiwyg component-heading\" ><div class=\"container\">\n<h2 class=\"wp-block-heading is-style-h3\">Accuracy of information<\/h2>\n<\/div><\/div>\n\n<div class=\"item wysiwyg component-paragraph\" ><div class=\"container\">\n<p>Le Monast\u00e8re des Augustines takes all necessary measures to ensure that the information on its Website is accurate. However, it is possible that certain mistakes, display errors, inaccuracies, omissions and other types of errors may appear on occasion.<\/p>\n<\/div><\/div>\n\n<div class=\"item wysiwyg component-paragraph\" ><div class=\"container\">\n<p>Product photos appearing on the site may differ slightly from actual products due to differences in colour representations generated by computer monitors. Some product and service photos are provided as indications only.<\/p>\n<\/div><\/div>\n\n<div class=\"item wysiwyg component-paragraph\" ><div class=\"container\">\n<p>Le Monast\u00e8re des Augustines may not be held responsible for inaccurate or incomplete information found on the site.<\/p>\n<\/div><\/div>\n\n<div class=\"item wysiwyg component-paragraph\" ><div class=\"container\">\n<p>Le Monast\u00e8re des Augustines does not guarantee the availability of products and\/or services presented on the Website, whether upon order or after an order has been placed. Le Monast\u00e8re des Augustines may cancel an order at any time or limit the availability of products and services purchased and\/or for sale at its own discretion.<\/p>\n<\/div><\/div>\n\n<div class=\"item wysiwyg component-paragraph\" ><div class=\"container\">\n<p>Le Monast\u00e8re des Augustines cannot guarantee that the products and services listed on the Website will be available upon or after ordering.<\/p>\n<\/div><\/div>\n\n<div class=\"item wysiwyg component-heading\" ><div class=\"container\">\n<h2 class=\"wp-block-heading is-style-h3\">Pricing listed on the site<\/h2>\n<\/div><\/div>\n\n<div class=\"item wysiwyg component-paragraph\" ><div class=\"container\">\n<p>Prices listed on the Website are in Canadian currency; you will therefore be billed in Canadian dollars. If you reside outside Canada, a conversion from your local currency will automatically be carried out by your credit card issuing company.<\/p>\n<\/div><\/div>\n\n<div class=\"item wysiwyg component-paragraph\" ><div class=\"container\">\n<p>If applicable, and unless otherwise stated on the Website, please note that transportation and delivery charges, along with sales taxes, will be added to your bill.<\/p>\n<\/div><\/div>\n\n<div class=\"item wysiwyg component-paragraph\" ><div class=\"container\">\n<p>Prices on the Website are subject to change without notice.<\/p>\n<\/div><\/div>\n\n<div class=\"item wysiwyg component-heading\" ><div class=\"container\">\n<h2 class=\"wp-block-heading is-style-h3\">Payment<\/h2>\n<\/div><\/div>\n\n<div class=\"item wysiwyg component-paragraph\" ><div class=\"container\">\n<p>When placing an order, you agree to pay the total amount of your order (price of products, shipping costs and applicable taxes) as indicated on the site at the time of the order. You also agree to honour your contract with your financial institution (credit card issuer).<\/p>\n<\/div><\/div>\n\n<div class=\"item wysiwyg component-heading\" ><div class=\"container\">\n<h2 class=\"wp-block-heading is-style-h3\">Cancellation policy for accommodation reservations<\/h2>\n<\/div><\/div>\n\n<div class=\"item wysiwyg component-paragraph\" ><div class=\"container\">\n<p>It is possible to cancel free of charge up to 4 p.m. (local time) two days before the scheduled arrival of your stay. For late cancellations or date changes made less than 48 hours before scheduled arrival, you will be charged the amount of one night&#8217;s stay plus taxes. In the case of a change of date, the amount deducted may be used as a credit for the stay on the new dates. Please refer to the cancellation policy on your accommodation confirmation for group stays.<\/p>\n<\/div><\/div>\n\n<div class=\"item wysiwyg component-heading\" ><div class=\"container\">\n<h2 class=\"wp-block-heading is-style-h3\">Gift certificates and gift cards<\/h2>\n<\/div><\/div>\n\n<div class=\"item wysiwyg component-paragraph\" ><div class=\"container\">\n<p>Gift certificates and gift cards are non-refundable and cannot be used to purchase another gift certificate or gift card. Gift certificates or gift cards with a cash value do not have an expiration date.<\/p>\n<\/div><\/div>\n\n<div class=\"item wysiwyg component-paragraph\" ><div class=\"container\">\n<p>Gift certificates and gift cards for treatments or packages may require supplemental fees if the prices exceed the value when making the reservation.<\/p>\n<\/div><\/div>\n\n<div class=\"item wysiwyg component-heading\" ><div class=\"container\">\n<h2 class=\"wp-block-heading is-style-h3\">Limited liability<\/h2>\n<\/div><\/div>\n\n<div class=\"item wysiwyg component-paragraph\" ><div class=\"container\">\n<p>In any case where Le Monast\u00e8re des Augustines is held and proven liable, the sum of money refunded will be equal to the price paid for the services or products that were returned.<\/p>\n<\/div><\/div>\n\n<div class=\"item wysiwyg component-heading\" ><div class=\"container\">\n<h2 class=\"wp-block-heading is-style-h3\">Intellectual property and authorised use of the website<\/h2>\n<\/div><\/div>\n\n<div class=\"item wysiwyg component-paragraph\" ><div class=\"container\">\n<p>The http:\/\/www.monastere.ca website is intended available for personal use and lawful purposes only.<\/p>\n<\/div><\/div>\n\n<div class=\"item wysiwyg component-paragraph\" ><div class=\"container\">\n<p>All content of the http:\/\/www.monastere.ca site (text, logos, buttons, images, photos, icons, videos, audio tapes, software, applications) is the exclusive property of Le Monast\u00e8re des Augustines, its suppliers and other entities that have granted a right to use to Le Monast\u00e8re des Augustines. All content is protected by Canadian and international copyright laws and intellectual property. Any reproduction, in whole or in part, is strictly prohibited without the written consent of Le Monast\u00e8re des Augustines.<\/p>\n<\/div><\/div>\n\n<div class=\"item wysiwyg component-heading\" ><div class=\"container\">\n<h2 class=\"wp-block-heading is-style-h3\">External websites<\/h2>\n<\/div><\/div>\n\n<div class=\"item wysiwyg component-paragraph\" ><div class=\"container\">\n<p>As a complement to the information included on its site, Le Monast\u00e8re des Augustines may provide links to other Websites. These sites are completely independent and are not associated with Le Monast\u00e8re des Augustines in any way. As such, Le Monast\u00e8re des Augustines may not be held responsible for other sites, their activities or their policies. If you choose to visit these sites and\/or conduct business with the owners of said sites, you do so at your own risk. Le Monast\u00e8re des Augustines may not be held liable for any disputes resulting from the use of external sites.<\/p>\n<\/div><\/div>\n\n<div class=\"item wysiwyg component-heading\" ><div class=\"container\">\n<h2 class=\"wp-block-heading is-style-h3\">Changes to existing policies<\/h2>\n<\/div><\/div>\n\n<div class=\"item wysiwyg component-paragraph\" ><div class=\"container\">\n<p>Le Monast\u00e8re des Augustines may, at any time and at its own discretion, make changes to these policies without notice. These policies may not be modified by anyone other than Le Monast\u00e8re des Augustines.<\/p>\n<\/div><\/div>\n\n<div class=\"item wysiwyg component-heading\" ><div class=\"container\">\n<h2 class=\"wp-block-heading is-style-h3\">Applicable laws and dispute resolution<\/h2>\n<\/div><\/div>\n\n<div class=\"item wysiwyg component-paragraph\" ><div class=\"container\">\n<p>These policies are governed by the laws in the Province of Qu\u00e9bec, Canada, and by the applicable federal laws in Canada. Any disputes between the user and Le Monast\u00e8re des Augustines will be submitted before competent Qu\u00e9bec jurisdiction in the district of Qu\u00e9bec, Quebec, Canada. All competencies provided and decisions rendered by the courts in matters relating to dispute resolution are exclusive and final.<\/p>\n<\/div><\/div>\n\n<div class=\"item wysiwyg component-heading\" ><div class=\"container\">\n<h2 class=\"wp-block-heading is-style-h3\">Rules of conduct and politeness on social media networks<\/h2>\n<\/div><\/div>\n\n<div class=\"item wysiwyg component-paragraph\" ><div class=\"container\">\n<p>Le Monast\u00e8re is exempt from all responsibility for the content and opinions expressed by Internet users on its social media networks. All comments are the sole responsibility of their authors. In this respect, Le Monast\u00e8re has a netiquette policy that defines the rules of conduct and politeness that must be respected by our subscribers and all other users who interact on our social media networks. It also defines moderation rules for comments that are received.<\/p>\n<\/div><\/div>\n\n<div class=\"item wysiwyg component-buttons\" ><div class=\"container\">\n<div class=\"wp-block-buttons is-layout-flex wp-block-buttons-is-layout-flex\">\n<div class=\"wp-block-button is-style-btn--is-outline-primary-color\"><a class=\"wp-block-button__link wp-element-button\" href=\"https:\/\/monastere.ca\/en\/netiquette\/\">Read our netiquette policy<\/a><\/div>\n<\/div>\n<\/div><\/div><\/div>\n\n\n\n<div class=\"wp-block-column is-layout-flow wp-block-column-is-layout-flow\" style=\"flex-basis:15%\"><\/div>\n<\/div>\n<\/div><\/div>","protected":false},"excerpt":{"rendered":"Confidentiality and privacy policy In accordance with Bill 25, An Act to modernize legislative provisions as regards the protection of personal information, Le Monast\u00e8re des Augustines has implemented policies and practices that govern the use of personal information. Le Monast\u00e8re has, among others, a policy that describes how it handles your personal information, including the [&hellip;]","protected":false},"author":1,"featured_media":0,"parent":0,"menu_order":0,"comment_status":"closed","ping_status":"closed","template":"","meta":{"_acf_changed":false,"footnotes":""},"class_list":["post-4564","page","type-page","status-publish","hentry"],"acf":[],"yoast_head":"<!-- This site is optimized with the Yoast SEO plugin v27.3 - https:\/\/yoast.com\/product\/yoast-seo-wordpress\/ -->\n<title>Our terms and conditions - Monast\u00e8re des Augustines<\/title>\n<meta name=\"description\" content=\"Discover the terms and conditions of Le Monast\u00e8re des Augustines.\" \/>\n<meta name=\"robots\" content=\"index, follow, max-snippet:-1, max-image-preview:large, max-video-preview:-1\" \/>\n<link rel=\"canonical\" href=\"https:\/\/monastere.ca\/en\/terms-and-conditions\/\" \/>\n<meta property=\"og:locale\" content=\"en_US\" \/>\n<meta property=\"og:type\" content=\"article\" \/>\n<meta property=\"og:title\" content=\"Our terms and conditions - Monast\u00e8re des Augustines\" \/>\n<meta property=\"og:description\" content=\"Discover the terms and conditions of Le Monast\u00e8re des Augustines.\" \/>\n<meta property=\"og:url\" content=\"https:\/\/monastere.ca\/en\/terms-and-conditions\/\" \/>\n<meta property=\"og:site_name\" content=\"Monast\u00e8re des Augustines\" \/>\n<meta property=\"article:publisher\" content=\"https:\/\/www.facebook.com\/monastere.ca\/?locale=fr_CA\" \/>\n<meta property=\"article:modified_time\" content=\"2025-03-13T18:48:03+00:00\" \/>\n<meta property=\"og:image\" content=\"https:\/\/monastere.ca\/wp-content\/uploads\/2023\/07\/bandeau-sejourner.jpg\" \/>\n\t<meta property=\"og:image:width\" content=\"1440\" \/>\n\t<meta property=\"og:image:height\" content=\"480\" \/>\n\t<meta property=\"og:image:type\" content=\"image\/jpeg\" \/>\n<meta name=\"twitter:card\" content=\"summary_large_image\" \/>\n<meta name=\"twitter:label1\" content=\"Est. reading time\" \/>\n\t<meta name=\"twitter:data1\" content=\"6 minutes\" \/>\n<script type=\"application\/ld+json\" class=\"yoast-schema-graph\">{\"@context\":\"https:\\\/\\\/schema.org\",\"@graph\":[{\"@type\":\"WebPage\",\"@id\":\"https:\\\/\\\/monastere.ca\\\/en\\\/terms-and-conditions\\\/\",\"url\":\"https:\\\/\\\/monastere.ca\\\/en\\\/terms-and-conditions\\\/\",\"name\":\"Our terms and conditions - Monast\u00e8re des Augustines\",\"isPartOf\":{\"@id\":\"https:\\\/\\\/monastere.ca\\\/en\\\/#website\"},\"primaryImageOfPage\":{\"@id\":\"https:\\\/\\\/monastere.ca\\\/en\\\/terms-and-conditions\\\/#primaryimage\"},\"image\":{\"@id\":\"https:\\\/\\\/monastere.ca\\\/en\\\/terms-and-conditions\\\/#primaryimage\"},\"thumbnailUrl\":\"https:\\\/\\\/monastere.ca\\\/wp-content\\\/uploads\\\/2023\\\/07\\\/bandeau-sejourner.jpg\",\"datePublished\":\"2023-07-12T16:33:48+00:00\",\"dateModified\":\"2025-03-13T18:48:03+00:00\",\"description\":\"Discover the terms and conditions of Le Monast\u00e8re des Augustines.\",\"breadcrumb\":{\"@id\":\"https:\\\/\\\/monastere.ca\\\/en\\\/terms-and-conditions\\\/#breadcrumb\"},\"inLanguage\":\"en-US\",\"potentialAction\":[{\"@type\":\"ReadAction\",\"target\":[\"https:\\\/\\\/monastere.ca\\\/en\\\/terms-and-conditions\\\/\"]}]},{\"@type\":\"ImageObject\",\"inLanguage\":\"en-US\",\"@id\":\"https:\\\/\\\/monastere.ca\\\/en\\\/terms-and-conditions\\\/#primaryimage\",\"url\":\"https:\\\/\\\/monastere.ca\\\/wp-content\\\/uploads\\\/2023\\\/07\\\/bandeau-sejourner.jpg\",\"contentUrl\":\"https:\\\/\\\/monastere.ca\\\/wp-content\\\/uploads\\\/2023\\\/07\\\/bandeau-sejourner.jpg\"},{\"@type\":\"BreadcrumbList\",\"@id\":\"https:\\\/\\\/monastere.ca\\\/en\\\/terms-and-conditions\\\/#breadcrumb\",\"itemListElement\":[{\"@type\":\"ListItem\",\"position\":1,\"name\":\"Accueil\",\"item\":\"https:\\\/\\\/monastere.ca\\\/en\\\/\"},{\"@type\":\"ListItem\",\"position\":2,\"name\":\"Our terms and conditions\"}]},{\"@type\":\"WebSite\",\"@id\":\"https:\\\/\\\/monastere.ca\\\/en\\\/#website\",\"url\":\"https:\\\/\\\/monastere.ca\\\/en\\\/\",\"name\":\"Monast\u00e8re des Augustines\",\"description\":\"Monast\u00e8re des Augustines, un havre patrimonial authentique de sant\u00e9 et de mieux-\u00eatre avec atelier, spa, mus\u00e9e, restaurant et h\u00f4tellerie au Qu\u00e9bec.\",\"publisher\":{\"@id\":\"https:\\\/\\\/monastere.ca\\\/en\\\/#organization\"},\"potentialAction\":[{\"@type\":\"SearchAction\",\"target\":{\"@type\":\"EntryPoint\",\"urlTemplate\":\"https:\\\/\\\/monastere.ca\\\/en\\\/?s={search_term_string}\"},\"query-input\":{\"@type\":\"PropertyValueSpecification\",\"valueRequired\":true,\"valueName\":\"search_term_string\"}}],\"inLanguage\":\"en-US\"},{\"@type\":\"Organization\",\"@id\":\"https:\\\/\\\/monastere.ca\\\/en\\\/#organization\",\"name\":\"Monast\u00e8re des Augustines\",\"url\":\"https:\\\/\\\/monastere.ca\\\/en\\\/\",\"logo\":{\"@type\":\"ImageObject\",\"inLanguage\":\"en-US\",\"@id\":\"https:\\\/\\\/monastere.ca\\\/en\\\/#\\\/schema\\\/logo\\\/image\\\/\",\"url\":\"https:\\\/\\\/monastere.ca\\\/wp-content\\\/uploads\\\/2023\\\/07\\\/logo-monastere.svg\",\"contentUrl\":\"https:\\\/\\\/monastere.ca\\\/wp-content\\\/uploads\\\/2023\\\/07\\\/logo-monastere.svg\",\"width\":1,\"height\":1,\"caption\":\"Monast\u00e8re des Augustines\"},\"image\":{\"@id\":\"https:\\\/\\\/monastere.ca\\\/en\\\/#\\\/schema\\\/logo\\\/image\\\/\"},\"sameAs\":[\"https:\\\/\\\/www.facebook.com\\\/monastere.ca\\\/?locale=fr_CA\",\"https:\\\/\\\/www.instagram.com\\\/lemonasteredesaugustines\\\/\",\"https:\\\/\\\/www.linkedin.com\\\/company\\\/le-monastere-des-augustines\\\/?originalSubdomain=ca\",\"https:\\\/\\\/fr.tripadvisor.ca\\\/Hotel_Review-g155033-d8460643-Reviews-Le_Monastere_des_Augustines-Quebec_City_Quebec.html\"]}]}<\/script>\n<!-- \/ Yoast SEO plugin. -->","yoast_head_json":{"title":"Our terms and conditions - Monast\u00e8re des Augustines","description":"Discover the terms and conditions of Le Monast\u00e8re des Augustines.","robots":{"index":"index","follow":"follow","max-snippet":"max-snippet:-1","max-image-preview":"max-image-preview:large","max-video-preview":"max-video-preview:-1"},"canonical":"https:\/\/monastere.ca\/en\/terms-and-conditions\/","og_locale":"en_US","og_type":"article","og_title":"Our terms and conditions - Monast\u00e8re des Augustines","og_description":"Discover the terms and conditions of Le Monast\u00e8re des Augustines.","og_url":"https:\/\/monastere.ca\/en\/terms-and-conditions\/","og_site_name":"Monast\u00e8re des Augustines","article_publisher":"https:\/\/www.facebook.com\/monastere.ca\/?locale=fr_CA","article_modified_time":"2025-03-13T18:48:03+00:00","og_image":[{"width":1440,"height":480,"url":"https:\/\/monastere.ca\/wp-content\/uploads\/2023\/07\/bandeau-sejourner.jpg","type":"image\/jpeg"}],"twitter_card":"summary_large_image","twitter_misc":{"Est. reading time":"6 minutes"},"schema":{"@context":"https:\/\/schema.org","@graph":[{"@type":"WebPage","@id":"https:\/\/monastere.ca\/en\/terms-and-conditions\/","url":"https:\/\/monastere.ca\/en\/terms-and-conditions\/","name":"Our terms and conditions - Monast\u00e8re des Augustines","isPartOf":{"@id":"https:\/\/monastere.ca\/en\/#website"},"primaryImageOfPage":{"@id":"https:\/\/monastere.ca\/en\/terms-and-conditions\/#primaryimage"},"image":{"@id":"https:\/\/monastere.ca\/en\/terms-and-conditions\/#primaryimage"},"thumbnailUrl":"https:\/\/monastere.ca\/wp-content\/uploads\/2023\/07\/bandeau-sejourner.jpg","datePublished":"2023-07-12T16:33:48+00:00","dateModified":"2025-03-13T18:48:03+00:00","description":"Discover the terms and conditions of Le Monast\u00e8re des Augustines.","breadcrumb":{"@id":"https:\/\/monastere.ca\/en\/terms-and-conditions\/#breadcrumb"},"inLanguage":"en-US","potentialAction":[{"@type":"ReadAction","target":["https:\/\/monastere.ca\/en\/terms-and-conditions\/"]}]},{"@type":"ImageObject","inLanguage":"en-US","@id":"https:\/\/monastere.ca\/en\/terms-and-conditions\/#primaryimage","url":"https:\/\/monastere.ca\/wp-content\/uploads\/2023\/07\/bandeau-sejourner.jpg","contentUrl":"https:\/\/monastere.ca\/wp-content\/uploads\/2023\/07\/bandeau-sejourner.jpg"},{"@type":"BreadcrumbList","@id":"https:\/\/monastere.ca\/en\/terms-and-conditions\/#breadcrumb","itemListElement":[{"@type":"ListItem","position":1,"name":"Accueil","item":"https:\/\/monastere.ca\/en\/"},{"@type":"ListItem","position":2,"name":"Our terms and conditions"}]},{"@type":"WebSite","@id":"https:\/\/monastere.ca\/en\/#website","url":"https:\/\/monastere.ca\/en\/","name":"Monast\u00e8re des Augustines","description":"Monast\u00e8re des Augustines, un havre patrimonial authentique de sant\u00e9 et de mieux-\u00eatre avec atelier, spa, mus\u00e9e, restaurant et h\u00f4tellerie au Qu\u00e9bec.","publisher":{"@id":"https:\/\/monastere.ca\/en\/#organization"},"potentialAction":[{"@type":"SearchAction","target":{"@type":"EntryPoint","urlTemplate":"https:\/\/monastere.ca\/en\/?s={search_term_string}"},"query-input":{"@type":"PropertyValueSpecification","valueRequired":true,"valueName":"search_term_string"}}],"inLanguage":"en-US"},{"@type":"Organization","@id":"https:\/\/monastere.ca\/en\/#organization","name":"Monast\u00e8re des Augustines","url":"https:\/\/monastere.ca\/en\/","logo":{"@type":"ImageObject","inLanguage":"en-US","@id":"https:\/\/monastere.ca\/en\/#\/schema\/logo\/image\/","url":"https:\/\/monastere.ca\/wp-content\/uploads\/2023\/07\/logo-monastere.svg","contentUrl":"https:\/\/monastere.ca\/wp-content\/uploads\/2023\/07\/logo-monastere.svg","width":1,"height":1,"caption":"Monast\u00e8re des Augustines"},"image":{"@id":"https:\/\/monastere.ca\/en\/#\/schema\/logo\/image\/"},"sameAs":["https:\/\/www.facebook.com\/monastere.ca\/?locale=fr_CA","https:\/\/www.instagram.com\/lemonasteredesaugustines\/","https:\/\/www.linkedin.com\/company\/le-monastere-des-augustines\/?originalSubdomain=ca","https:\/\/fr.tripadvisor.ca\/Hotel_Review-g155033-d8460643-Reviews-Le_Monastere_des_Augustines-Quebec_City_Quebec.html"]}]}},"publishpress_future_workflow_manual_trigger":{"enabledWorkflows":[]},"_links":{"self":[{"href":"https:\/\/monastere.ca\/en\/wp-json\/wp\/v2\/pages\/4564","targetHints":{"allow":["GET"]}}],"collection":[{"href":"https:\/\/monastere.ca\/en\/wp-json\/wp\/v2\/pages"}],"about":[{"href":"https:\/\/monastere.ca\/en\/wp-json\/wp\/v2\/types\/page"}],"author":[{"embeddable":true,"href":"https:\/\/monastere.ca\/en\/wp-json\/wp\/v2\/users\/1"}],"replies":[{"embeddable":true,"href":"https:\/\/monastere.ca\/en\/wp-json\/wp\/v2\/comments?post=4564"}],"version-history":[{"count":6,"href":"https:\/\/monastere.ca\/en\/wp-json\/wp\/v2\/pages\/4564\/revisions"}],"predecessor-version":[{"id":12385,"href":"https:\/\/monastere.ca\/en\/wp-json\/wp\/v2\/pages\/4564\/revisions\/12385"}],"wp:attachment":[{"href":"https:\/\/monastere.ca\/en\/wp-json\/wp\/v2\/media?parent=4564"}],"curies":[{"name":"wp","href":"https:\/\/api.w.org\/{rel}","templated":true}]}}