{"id":14663,"date":"2023-09-14T15:03:44","date_gmt":"2023-09-14T19:03:44","guid":{"rendered":"https:\/\/monastere.ca\/?page_id=14663"},"modified":"2026-03-10T16:10:37","modified_gmt":"2026-03-10T20:10:37","slug":"daily-access-massage","status":"publish","type":"page","link":"https:\/\/monastere.ca\/en\/daily-access-massage\/","title":{"rendered":"Daily access massage"},"content":{"rendered":"<div class=\"item wysiwyg component-columns\" ><div class=\"container\">\n<div class=\"wp-block-columns are-vertically-aligned-top is-layout-flex wp-container-core-columns-is-layout-9d6595d7 wp-block-columns-is-layout-flex\">\n<div class=\"wp-block-column is-vertically-aligned-top is-layout-flow wp-block-column-is-layout-flow\" style=\"flex-basis:50%\">\n\n    <div class=\"block-slider item component-block-slider js-block-slider size_1_1\" hidden>\n        <div class=\"container\">\n            <div class=\"block-slider__content\">\n                <div class=\"block-slider__element js-block-slider-element\" role=\"list\">\n                                            <div class=\"block-slider__slide\">\n                            <img loading=\"lazy\" decoding=\"async\" width=\"1440\" height=\"960\" src=\"https:\/\/monastere.ca\/wp-content\/uploads\/2025\/07\/IMG_2064-2-1440x960.jpg\" class=\"attachment-banner size-banner\" alt=\"\" srcset=\"https:\/\/monastere.ca\/wp-content\/uploads\/2025\/07\/IMG_2064-2-1440x960.jpg 1440w, https:\/\/monastere.ca\/wp-content\/uploads\/2025\/07\/IMG_2064-2-700x467.jpg 700w, https:\/\/monastere.ca\/wp-content\/uploads\/2025\/07\/IMG_2064-2-1024x683.jpg 1024w, https:\/\/monastere.ca\/wp-content\/uploads\/2025\/07\/IMG_2064-2-768x512.jpg 768w, https:\/\/monastere.ca\/wp-content\/uploads\/2025\/07\/IMG_2064-2-1536x1024.jpg 1536w, https:\/\/monastere.ca\/wp-content\/uploads\/2025\/07\/IMG_2064-2-2048x1365.jpg 2048w, https:\/\/monastere.ca\/wp-content\/uploads\/2025\/07\/IMG_2064-2-400x267.jpg 400w, https:\/\/monastere.ca\/wp-content\/uploads\/2025\/07\/IMG_2064-2-100x67.jpg 100w, https:\/\/monastere.ca\/wp-content\/uploads\/2025\/07\/IMG_2064-2-954x636.jpg 954w\" sizes=\"auto, (max-width: 1440px) 100vw, 1440px\" \/>                                                                                <\/div>\n                                            <div class=\"block-slider__slide\">\n                            <img loading=\"lazy\" decoding=\"async\" width=\"1440\" height=\"658\" src=\"https:\/\/monastere.ca\/wp-content\/uploads\/2025\/03\/monastere-des-augustines-corridor-2e-etage-1440x658.jpg\" class=\"attachment-banner size-banner\" alt=\"\" srcset=\"https:\/\/monastere.ca\/wp-content\/uploads\/2025\/03\/monastere-des-augustines-corridor-2e-etage-1440x658.jpg 1440w, https:\/\/monastere.ca\/wp-content\/uploads\/2025\/03\/monastere-des-augustines-corridor-2e-etage-700x320.jpg 700w, https:\/\/monastere.ca\/wp-content\/uploads\/2025\/03\/monastere-des-augustines-corridor-2e-etage-1024x468.jpg 1024w, https:\/\/monastere.ca\/wp-content\/uploads\/2025\/03\/monastere-des-augustines-corridor-2e-etage-768x351.jpg 768w, https:\/\/monastere.ca\/wp-content\/uploads\/2025\/03\/monastere-des-augustines-corridor-2e-etage-1536x702.jpg 1536w, https:\/\/monastere.ca\/wp-content\/uploads\/2025\/03\/monastere-des-augustines-corridor-2e-etage-2048x936.jpg 2048w, https:\/\/monastere.ca\/wp-content\/uploads\/2025\/03\/monastere-des-augustines-corridor-2e-etage-400x183.jpg 400w, https:\/\/monastere.ca\/wp-content\/uploads\/2025\/03\/monastere-des-augustines-corridor-2e-etage-100x46.jpg 100w, https:\/\/monastere.ca\/wp-content\/uploads\/2025\/03\/monastere-des-augustines-corridor-2e-etage-954x436.jpg 954w\" sizes=\"auto, (max-width: 1440px) 100vw, 1440px\" \/>                                                                                <\/div>\n                                            <div class=\"block-slider__slide\">\n                            <img loading=\"lazy\" decoding=\"async\" width=\"1020\" height=\"666\" src=\"https:\/\/monastere.ca\/wp-content\/uploads\/2023\/09\/comptoir-commande-monastere-augustines-1-min.jpg\" class=\"attachment-banner size-banner\" alt=\"\" srcset=\"https:\/\/monastere.ca\/wp-content\/uploads\/2023\/09\/comptoir-commande-monastere-augustines-1-min.jpg 1020w, https:\/\/monastere.ca\/wp-content\/uploads\/2023\/09\/comptoir-commande-monastere-augustines-1-min-700x457.jpg 700w, https:\/\/monastere.ca\/wp-content\/uploads\/2023\/09\/comptoir-commande-monastere-augustines-1-min-768x501.jpg 768w, https:\/\/monastere.ca\/wp-content\/uploads\/2023\/09\/comptoir-commande-monastere-augustines-1-min-400x261.jpg 400w, https:\/\/monastere.ca\/wp-content\/uploads\/2023\/09\/comptoir-commande-monastere-augustines-1-min-100x65.jpg 100w, https:\/\/monastere.ca\/wp-content\/uploads\/2023\/09\/comptoir-commande-monastere-augustines-1-min-954x623.jpg 954w\" sizes=\"auto, (max-width: 1020px) 100vw, 1020px\" \/>                                                                                <\/div>\n                                            <div class=\"block-slider__slide\">\n                            <img loading=\"lazy\" decoding=\"async\" width=\"1020\" height=\"1020\" src=\"https:\/\/monastere.ca\/wp-content\/uploads\/2023\/09\/yoga-detente-monastere-augustines-min.jpg\" class=\"attachment-banner size-banner\" alt=\"\" srcset=\"https:\/\/monastere.ca\/wp-content\/uploads\/2023\/09\/yoga-detente-monastere-augustines-min.jpg 1020w, https:\/\/monastere.ca\/wp-content\/uploads\/2023\/09\/yoga-detente-monastere-augustines-min-700x700.jpg 700w, https:\/\/monastere.ca\/wp-content\/uploads\/2023\/09\/yoga-detente-monastere-augustines-min-768x768.jpg 768w, https:\/\/monastere.ca\/wp-content\/uploads\/2023\/09\/yoga-detente-monastere-augustines-min-400x400.jpg 400w, https:\/\/monastere.ca\/wp-content\/uploads\/2023\/09\/yoga-detente-monastere-augustines-min-100x100.jpg 100w, https:\/\/monastere.ca\/wp-content\/uploads\/2023\/09\/yoga-detente-monastere-augustines-min-954x954.jpg 954w\" sizes=\"auto, (max-width: 1020px) 100vw, 1020px\" \/>                                                                                <\/div>\n                                            <div class=\"block-slider__slide\">\n                            <img loading=\"lazy\" decoding=\"async\" width=\"876\" height=\"837\" src=\"https:\/\/monastere.ca\/wp-content\/uploads\/2023\/09\/exposition-re-cueillir-monastere-augustines-2-min.jpg\" class=\"attachment-banner size-banner\" alt=\"\" srcset=\"https:\/\/monastere.ca\/wp-content\/uploads\/2023\/09\/exposition-re-cueillir-monastere-augustines-2-min.jpg 876w, https:\/\/monastere.ca\/wp-content\/uploads\/2023\/09\/exposition-re-cueillir-monastere-augustines-2-min-700x669.jpg 700w, https:\/\/monastere.ca\/wp-content\/uploads\/2023\/09\/exposition-re-cueillir-monastere-augustines-2-min-768x734.jpg 768w, https:\/\/monastere.ca\/wp-content\/uploads\/2023\/09\/exposition-re-cueillir-monastere-augustines-2-min-400x382.jpg 400w, https:\/\/monastere.ca\/wp-content\/uploads\/2023\/09\/exposition-re-cueillir-monastere-augustines-2-min-100x96.jpg 100w\" sizes=\"auto, (max-width: 876px) 100vw, 876px\" \/>                                                                                <\/div>\n                                    <\/div>\n\n                <div class=\"block-slider__controls js-block-slider-controls\">\n                    <button type=\"button\" role=\"button\" aria-label=\"Previous\" class=\"block-slider__button block-slider__button--previous\">\n                        <svg aria-hidden=\"true\" focusable=\"false\" width=\"24\" height=\"24\"><use xlink:href=\"#ico-arrow\"><\/use><\/svg>\n                    <\/button>\n\n                    <button type=\"button\" role=\"button\" aria-label=\"Next\" class=\"block-slider__button block-slider__button--next\">\n                        <svg aria-hidden=\"true\" focusable=\"false\" width=\"24\" height=\"24\"><use xlink:href=\"#ico-arrow\"><\/use><\/svg>\n                    <\/button>\n                <\/div>\n            <\/div>\n        <\/div>\n    <\/div>\n<\/div>\n\n\n\n<div class=\"wp-block-column is-vertically-aligned-top is-layout-flow wp-block-column-is-layout-flow\" style=\"flex-basis:50%\"><div class=\"item wysiwyg component-group\" ><div class=\"container\">\n<div class=\"wp-block-group is-style-group--is-large\"><div class=\"wp-block-group__inner-container is-layout-constrained wp-block-group-is-layout-constrained\"><div class=\"item wysiwyg component-heading\" ><div class=\"container\">\n<h2 class=\"wp-block-heading is-style-h5\">Book your daily pass<\/h2>\n<\/div><\/div>\n\n<div class=\"item wysiwyg component-list\" ><div class=\"container\">\n<ul class=\"wp-block-list\">\n<li>A 60-minute classic massage followed by herbal tea<\/li>\n\n\n\n<li>A healthy lunch at the counter<\/li>\n\n\n\n<li>Access to the Re-cueillir exhibition<\/li>\n\n\n\n<li>A movement and wellness activity of your choice: meditative walk or gentle movement in the evening<\/li>\n\n\n\n<li>Access to the Augustinian choir<\/li>\n<\/ul>\n<\/div><\/div>\n\n<div class=\"item wysiwyg component-buttons\" ><div class=\"container\">\n<div class=\"wp-block-buttons is-layout-flex wp-block-buttons-is-layout-flex\">\n<div class=\"wp-block-button\"><a class=\"wp-block-button__link wp-element-button\" href=\"https:\/\/monastere.ca\/en\/day-pass\/\">Book online<\/a><\/div>\n<\/div>\n<\/div><\/div><\/div>\n<\/div><\/div><\/div><\/div>\n<\/div>\n<\/div><\/div>\n\n<div class=\"item wysiwyg component-paragraph\" ><div class=\"container\">\n<p>A massage in a peaceful setting like Le Monast\u00e8re can be a great way to regain balance in the midst of summer&#8217;s hustle and bustle.<\/p>\n<\/div><\/div>","protected":false},"excerpt":{"rendered":"Book your daily pass A massage in a peaceful setting like Le Monast\u00e8re can be a great way to regain balance in the midst of summer&#8217;s hustle and bustle.","protected":false},"author":8,"featured_media":11280,"parent":0,"menu_order":0,"comment_status":"closed","ping_status":"closed","template":"","meta":{"_acf_changed":false,"footnotes":""},"class_list":["post-14663","page","type-page","status-publish","has-post-thumbnail","hentry"],"acf":[],"yoast_head":"<!-- This site is optimized with the Yoast SEO plugin v27.3 - https:\/\/yoast.com\/product\/yoast-seo-wordpress\/ -->\n<title>Daily access massage | Le Monast\u00e8re des Augustines<\/title>\n<meta name=\"description\" content=\"Enjoy a rejuvenating massage in our peaceful haven in the heart of Old Quebec! A unique way to take care of yourself.\" \/>\n<meta name=\"robots\" content=\"index, follow, max-snippet:-1, max-image-preview:large, max-video-preview:-1\" \/>\n<link rel=\"canonical\" href=\"https:\/\/monastere.ca\/en\/daily-access-massage\/\" \/>\n<meta property=\"og:locale\" content=\"en_US\" \/>\n<meta property=\"og:type\" content=\"article\" \/>\n<meta property=\"og:title\" content=\"15% discount on accommodation\" \/>\n<meta property=\"og:description\" content=\"Book early! Enjoy a rejuvenating stay in our peaceful haven in the heart of Old Quebec! A unique way to take care of yourself.\" \/>\n<meta property=\"og:url\" content=\"https:\/\/monastere.ca\/en\/daily-access-massage\/\" \/>\n<meta property=\"og:site_name\" content=\"Monast\u00e8re des Augustines\" \/>\n<meta property=\"article:publisher\" content=\"https:\/\/www.facebook.com\/monastere.ca\/?locale=fr_CA\" \/>\n<meta property=\"article:modified_time\" content=\"2026-03-10T20:10:37+00:00\" \/>\n<meta property=\"og:image\" content=\"https:\/\/monastere.ca\/wp-content\/uploads\/2024\/03\/Chambre-contemporaine-09-1024x997.jpg\" \/>\n<meta name=\"twitter:card\" content=\"summary_large_image\" \/>\n<meta name=\"twitter:label1\" content=\"Est. reading time\" \/>\n\t<meta name=\"twitter:data1\" content=\"1 minute\" \/>\n<script type=\"application\/ld+json\" class=\"yoast-schema-graph\">{\"@context\":\"https:\\\/\\\/schema.org\",\"@graph\":[{\"@type\":\"WebPage\",\"@id\":\"https:\\\/\\\/monastere.ca\\\/en\\\/daily-access-massage\\\/\",\"url\":\"https:\\\/\\\/monastere.ca\\\/en\\\/daily-access-massage\\\/\",\"name\":\"Daily access massage | Le Monast\u00e8re des Augustines\",\"isPartOf\":{\"@id\":\"https:\\\/\\\/monastere.ca\\\/en\\\/#website\"},\"primaryImageOfPage\":{\"@id\":\"https:\\\/\\\/monastere.ca\\\/en\\\/daily-access-massage\\\/#primaryimage\"},\"image\":{\"@id\":\"https:\\\/\\\/monastere.ca\\\/en\\\/daily-access-massage\\\/#primaryimage\"},\"thumbnailUrl\":\"https:\\\/\\\/monastere.ca\\\/wp-content\\\/uploads\\\/2024\\\/12\\\/massage.png\",\"datePublished\":\"2023-09-14T19:03:44+00:00\",\"dateModified\":\"2026-03-10T20:10:37+00:00\",\"description\":\"Enjoy a rejuvenating massage in our peaceful haven in the heart of Old Quebec! A unique way to take care of yourself.\",\"breadcrumb\":{\"@id\":\"https:\\\/\\\/monastere.ca\\\/en\\\/daily-access-massage\\\/#breadcrumb\"},\"inLanguage\":\"en-US\",\"potentialAction\":[{\"@type\":\"ReadAction\",\"target\":[\"https:\\\/\\\/monastere.ca\\\/en\\\/daily-access-massage\\\/\"]}]},{\"@type\":\"ImageObject\",\"inLanguage\":\"en-US\",\"@id\":\"https:\\\/\\\/monastere.ca\\\/en\\\/daily-access-massage\\\/#primaryimage\",\"url\":\"https:\\\/\\\/monastere.ca\\\/wp-content\\\/uploads\\\/2024\\\/12\\\/massage.png\",\"contentUrl\":\"https:\\\/\\\/monastere.ca\\\/wp-content\\\/uploads\\\/2024\\\/12\\\/massage.png\",\"width\":700,\"height\":700},{\"@type\":\"BreadcrumbList\",\"@id\":\"https:\\\/\\\/monastere.ca\\\/en\\\/daily-access-massage\\\/#breadcrumb\",\"itemListElement\":[{\"@type\":\"ListItem\",\"position\":1,\"name\":\"Accueil\",\"item\":\"https:\\\/\\\/monastere.ca\\\/en\\\/\"},{\"@type\":\"ListItem\",\"position\":2,\"name\":\"Daily access massage\"}]},{\"@type\":\"WebSite\",\"@id\":\"https:\\\/\\\/monastere.ca\\\/en\\\/#website\",\"url\":\"https:\\\/\\\/monastere.ca\\\/en\\\/\",\"name\":\"Monast\u00e8re des Augustines\",\"description\":\"Monast\u00e8re des Augustines, un havre patrimonial authentique de sant\u00e9 et de mieux-\u00eatre avec atelier, spa, mus\u00e9e, restaurant et h\u00f4tellerie au Qu\u00e9bec.\",\"publisher\":{\"@id\":\"https:\\\/\\\/monastere.ca\\\/en\\\/#organization\"},\"potentialAction\":[{\"@type\":\"SearchAction\",\"target\":{\"@type\":\"EntryPoint\",\"urlTemplate\":\"https:\\\/\\\/monastere.ca\\\/en\\\/?s={search_term_string}\"},\"query-input\":{\"@type\":\"PropertyValueSpecification\",\"valueRequired\":true,\"valueName\":\"search_term_string\"}}],\"inLanguage\":\"en-US\"},{\"@type\":\"Organization\",\"@id\":\"https:\\\/\\\/monastere.ca\\\/en\\\/#organization\",\"name\":\"Monast\u00e8re des Augustines\",\"url\":\"https:\\\/\\\/monastere.ca\\\/en\\\/\",\"logo\":{\"@type\":\"ImageObject\",\"inLanguage\":\"en-US\",\"@id\":\"https:\\\/\\\/monastere.ca\\\/en\\\/#\\\/schema\\\/logo\\\/image\\\/\",\"url\":\"https:\\\/\\\/monastere.ca\\\/wp-content\\\/uploads\\\/2023\\\/07\\\/logo-monastere.svg\",\"contentUrl\":\"https:\\\/\\\/monastere.ca\\\/wp-content\\\/uploads\\\/2023\\\/07\\\/logo-monastere.svg\",\"width\":1,\"height\":1,\"caption\":\"Monast\u00e8re des Augustines\"},\"image\":{\"@id\":\"https:\\\/\\\/monastere.ca\\\/en\\\/#\\\/schema\\\/logo\\\/image\\\/\"},\"sameAs\":[\"https:\\\/\\\/www.facebook.com\\\/monastere.ca\\\/?locale=fr_CA\",\"https:\\\/\\\/www.instagram.com\\\/lemonasteredesaugustines\\\/\",\"https:\\\/\\\/www.linkedin.com\\\/company\\\/le-monastere-des-augustines\\\/?originalSubdomain=ca\",\"https:\\\/\\\/fr.tripadvisor.ca\\\/Hotel_Review-g155033-d8460643-Reviews-Le_Monastere_des_Augustines-Quebec_City_Quebec.html\"]}]}<\/script>\n<!-- \/ Yoast SEO plugin. -->","yoast_head_json":{"title":"Daily access massage | Le Monast\u00e8re des Augustines","description":"Enjoy a rejuvenating massage in our peaceful haven in the heart of Old Quebec! A unique way to take care of yourself.","robots":{"index":"index","follow":"follow","max-snippet":"max-snippet:-1","max-image-preview":"max-image-preview:large","max-video-preview":"max-video-preview:-1"},"canonical":"https:\/\/monastere.ca\/en\/daily-access-massage\/","og_locale":"en_US","og_type":"article","og_title":"15% discount on accommodation","og_description":"Book early! Enjoy a rejuvenating stay in our peaceful haven in the heart of Old Quebec! A unique way to take care of yourself.","og_url":"https:\/\/monastere.ca\/en\/daily-access-massage\/","og_site_name":"Monast\u00e8re des Augustines","article_publisher":"https:\/\/www.facebook.com\/monastere.ca\/?locale=fr_CA","article_modified_time":"2026-03-10T20:10:37+00:00","og_image":[{"url":"https:\/\/monastere.ca\/wp-content\/uploads\/2024\/03\/Chambre-contemporaine-09-1024x997.jpg","type":"","width":"","height":""}],"twitter_card":"summary_large_image","twitter_misc":{"Est. reading time":"1 minute"},"schema":{"@context":"https:\/\/schema.org","@graph":[{"@type":"WebPage","@id":"https:\/\/monastere.ca\/en\/daily-access-massage\/","url":"https:\/\/monastere.ca\/en\/daily-access-massage\/","name":"Daily access massage | Le Monast\u00e8re des Augustines","isPartOf":{"@id":"https:\/\/monastere.ca\/en\/#website"},"primaryImageOfPage":{"@id":"https:\/\/monastere.ca\/en\/daily-access-massage\/#primaryimage"},"image":{"@id":"https:\/\/monastere.ca\/en\/daily-access-massage\/#primaryimage"},"thumbnailUrl":"https:\/\/monastere.ca\/wp-content\/uploads\/2024\/12\/massage.png","datePublished":"2023-09-14T19:03:44+00:00","dateModified":"2026-03-10T20:10:37+00:00","description":"Enjoy a rejuvenating massage in our peaceful haven in the heart of Old Quebec! A unique way to take care of yourself.","breadcrumb":{"@id":"https:\/\/monastere.ca\/en\/daily-access-massage\/#breadcrumb"},"inLanguage":"en-US","potentialAction":[{"@type":"ReadAction","target":["https:\/\/monastere.ca\/en\/daily-access-massage\/"]}]},{"@type":"ImageObject","inLanguage":"en-US","@id":"https:\/\/monastere.ca\/en\/daily-access-massage\/#primaryimage","url":"https:\/\/monastere.ca\/wp-content\/uploads\/2024\/12\/massage.png","contentUrl":"https:\/\/monastere.ca\/wp-content\/uploads\/2024\/12\/massage.png","width":700,"height":700},{"@type":"BreadcrumbList","@id":"https:\/\/monastere.ca\/en\/daily-access-massage\/#breadcrumb","itemListElement":[{"@type":"ListItem","position":1,"name":"Accueil","item":"https:\/\/monastere.ca\/en\/"},{"@type":"ListItem","position":2,"name":"Daily access massage"}]},{"@type":"WebSite","@id":"https:\/\/monastere.ca\/en\/#website","url":"https:\/\/monastere.ca\/en\/","name":"Monast\u00e8re des Augustines","description":"Monast\u00e8re des Augustines, un havre patrimonial authentique de sant\u00e9 et de mieux-\u00eatre avec atelier, spa, mus\u00e9e, restaurant et h\u00f4tellerie au Qu\u00e9bec.","publisher":{"@id":"https:\/\/monastere.ca\/en\/#organization"},"potentialAction":[{"@type":"SearchAction","target":{"@type":"EntryPoint","urlTemplate":"https:\/\/monastere.ca\/en\/?s={search_term_string}"},"query-input":{"@type":"PropertyValueSpecification","valueRequired":true,"valueName":"search_term_string"}}],"inLanguage":"en-US"},{"@type":"Organization","@id":"https:\/\/monastere.ca\/en\/#organization","name":"Monast\u00e8re des Augustines","url":"https:\/\/monastere.ca\/en\/","logo":{"@type":"ImageObject","inLanguage":"en-US","@id":"https:\/\/monastere.ca\/en\/#\/schema\/logo\/image\/","url":"https:\/\/monastere.ca\/wp-content\/uploads\/2023\/07\/logo-monastere.svg","contentUrl":"https:\/\/monastere.ca\/wp-content\/uploads\/2023\/07\/logo-monastere.svg","width":1,"height":1,"caption":"Monast\u00e8re des Augustines"},"image":{"@id":"https:\/\/monastere.ca\/en\/#\/schema\/logo\/image\/"},"sameAs":["https:\/\/www.facebook.com\/monastere.ca\/?locale=fr_CA","https:\/\/www.instagram.com\/lemonasteredesaugustines\/","https:\/\/www.linkedin.com\/company\/le-monastere-des-augustines\/?originalSubdomain=ca","https:\/\/fr.tripadvisor.ca\/Hotel_Review-g155033-d8460643-Reviews-Le_Monastere_des_Augustines-Quebec_City_Quebec.html"]}]}},"publishpress_future_workflow_manual_trigger":{"enabledWorkflows":[]},"_links":{"self":[{"href":"https:\/\/monastere.ca\/en\/wp-json\/wp\/v2\/pages\/14663","targetHints":{"allow":["GET"]}}],"collection":[{"href":"https:\/\/monastere.ca\/en\/wp-json\/wp\/v2\/pages"}],"about":[{"href":"https:\/\/monastere.ca\/en\/wp-json\/wp\/v2\/types\/page"}],"author":[{"embeddable":true,"href":"https:\/\/monastere.ca\/en\/wp-json\/wp\/v2\/users\/8"}],"replies":[{"embeddable":true,"href":"https:\/\/monastere.ca\/en\/wp-json\/wp\/v2\/comments?post=14663"}],"version-history":[{"count":4,"href":"https:\/\/monastere.ca\/en\/wp-json\/wp\/v2\/pages\/14663\/revisions"}],"predecessor-version":[{"id":16447,"href":"https:\/\/monastere.ca\/en\/wp-json\/wp\/v2\/pages\/14663\/revisions\/16447"}],"wp:featuredmedia":[{"embeddable":true,"href":"https:\/\/monastere.ca\/en\/wp-json\/wp\/v2\/media\/11280"}],"wp:attachment":[{"href":"https:\/\/monastere.ca\/en\/wp-json\/wp\/v2\/media?parent=14663"}],"curies":[{"name":"wp","href":"https:\/\/api.w.org\/{rel}","templated":true}]}}