{"id":13696,"date":"2023-09-14T15:03:44","date_gmt":"2023-09-14T19:03:44","guid":{"rendered":"https:\/\/monastere.ca\/?page_id=13696"},"modified":"2025-07-28T14:01:06","modified_gmt":"2025-07-28T18:01:06","slug":"20-discount-massotherapy","status":"publish","type":"page","link":"https:\/\/monastere.ca\/en\/20-discount-massotherapy\/","title":{"rendered":"20% discount on massotherapy"},"content":{"rendered":"<div class=\"item wysiwyg component-columns\" ><div class=\"container\">\n<div class=\"wp-block-columns are-vertically-aligned-top is-layout-flex wp-container-core-columns-is-layout-9d6595d7 wp-block-columns-is-layout-flex\">\n<div class=\"wp-block-column is-vertically-aligned-top is-layout-flow wp-block-column-is-layout-flow\" style=\"flex-basis:50%\">\n\n    <div class=\"block-slider item component-block-slider js-block-slider size_1_1\" hidden>\n        <div class=\"container\">\n            <div class=\"block-slider__content\">\n                <div class=\"block-slider__element js-block-slider-element\" role=\"list\">\n                                            <div class=\"block-slider__slide\">\n                            <img loading=\"lazy\" decoding=\"async\" width=\"1440\" height=\"960\" src=\"https:\/\/monastere.ca\/wp-content\/uploads\/2025\/07\/IMG_2064-2-1440x960.jpg\" class=\"attachment-banner size-banner\" alt=\"Monastere des Augustines - Massage therapy in Old Quebec\" srcset=\"https:\/\/monastere.ca\/wp-content\/uploads\/2025\/07\/IMG_2064-2-1440x960.jpg 1440w, https:\/\/monastere.ca\/wp-content\/uploads\/2025\/07\/IMG_2064-2-700x467.jpg 700w, https:\/\/monastere.ca\/wp-content\/uploads\/2025\/07\/IMG_2064-2-1024x683.jpg 1024w, https:\/\/monastere.ca\/wp-content\/uploads\/2025\/07\/IMG_2064-2-768x512.jpg 768w, https:\/\/monastere.ca\/wp-content\/uploads\/2025\/07\/IMG_2064-2-1536x1024.jpg 1536w, https:\/\/monastere.ca\/wp-content\/uploads\/2025\/07\/IMG_2064-2-2048x1365.jpg 2048w, https:\/\/monastere.ca\/wp-content\/uploads\/2025\/07\/IMG_2064-2-400x267.jpg 400w, https:\/\/monastere.ca\/wp-content\/uploads\/2025\/07\/IMG_2064-2-100x67.jpg 100w, https:\/\/monastere.ca\/wp-content\/uploads\/2025\/07\/IMG_2064-2-954x636.jpg 954w\" sizes=\"auto, (max-width: 1440px) 100vw, 1440px\" \/>                                                                                <\/div>\n                                            <div class=\"block-slider__slide\">\n                            <img loading=\"lazy\" decoding=\"async\" width=\"700\" height=\"700\" src=\"https:\/\/monastere.ca\/wp-content\/uploads\/2024\/12\/massage.png\" class=\"attachment-banner size-banner\" alt=\"\" srcset=\"https:\/\/monastere.ca\/wp-content\/uploads\/2024\/12\/massage.png 700w, https:\/\/monastere.ca\/wp-content\/uploads\/2024\/12\/massage-400x400.png 400w, https:\/\/monastere.ca\/wp-content\/uploads\/2024\/12\/massage-100x100.png 100w\" sizes=\"auto, (max-width: 700px) 100vw, 700px\" \/>                                                                                <\/div>\n                                            <div class=\"block-slider__slide\">\n                            <img loading=\"lazy\" decoding=\"async\" width=\"1\" height=\"1\" src=\"https:\/\/monastere.ca\/wp-content\/uploads\/2023\/07\/Massage-cou-2.jpg\" class=\"attachment-banner size-banner\" alt=\"\" \/>                                                                                <\/div>\n                                            <div class=\"block-slider__slide\">\n                            <img loading=\"lazy\" decoding=\"async\" width=\"672\" height=\"375\" src=\"https:\/\/monastere.ca\/wp-content\/uploads\/2023\/07\/massage-signature-monastere-augustines-vieux-quebec-min.jpg\" class=\"attachment-banner size-banner\" alt=\"\" srcset=\"https:\/\/monastere.ca\/wp-content\/uploads\/2023\/07\/massage-signature-monastere-augustines-vieux-quebec-min.jpg 672w, https:\/\/monastere.ca\/wp-content\/uploads\/2023\/07\/massage-signature-monastere-augustines-vieux-quebec-min-400x223.jpg 400w, https:\/\/monastere.ca\/wp-content\/uploads\/2023\/07\/massage-signature-monastere-augustines-vieux-quebec-min-100x56.jpg 100w\" sizes=\"auto, (max-width: 672px) 100vw, 672px\" \/>                                                                                <\/div>\n                                            <div class=\"block-slider__slide\">\n                            <img loading=\"lazy\" decoding=\"async\" width=\"680\" height=\"680\" src=\"https:\/\/monastere.ca\/wp-content\/uploads\/2023\/07\/Image_Chambre_Authentique_3.jpg\" class=\"attachment-banner size-banner\" alt=\"\" srcset=\"https:\/\/monastere.ca\/wp-content\/uploads\/2023\/07\/Image_Chambre_Authentique_3.jpg 680w, https:\/\/monastere.ca\/wp-content\/uploads\/2023\/07\/Image_Chambre_Authentique_3-400x400.jpg 400w, https:\/\/monastere.ca\/wp-content\/uploads\/2023\/07\/Image_Chambre_Authentique_3-100x100.jpg 100w\" sizes=\"auto, (max-width: 680px) 100vw, 680px\" \/>                                                                                <\/div>\n                                    <\/div>\n\n                <div class=\"block-slider__controls js-block-slider-controls\">\n                    <button type=\"button\" role=\"button\" aria-label=\"Previous\" class=\"block-slider__button block-slider__button--previous\">\n                        <svg aria-hidden=\"true\" focusable=\"false\" width=\"24\" height=\"24\"><use xlink:href=\"#ico-arrow\"><\/use><\/svg>\n                    <\/button>\n\n                    <button type=\"button\" role=\"button\" aria-label=\"Next\" class=\"block-slider__button block-slider__button--next\">\n                        <svg aria-hidden=\"true\" focusable=\"false\" width=\"24\" height=\"24\"><use xlink:href=\"#ico-arrow\"><\/use><\/svg>\n                    <\/button>\n                <\/div>\n            <\/div>\n        <\/div>\n    <\/div>\n<\/div>\n\n\n\n<div class=\"wp-block-column is-vertically-aligned-top is-layout-flow wp-block-column-is-layout-flow\" style=\"flex-basis:50%\"><div class=\"item wysiwyg component-group\" ><div class=\"container\">\n<div class=\"wp-block-group is-style-group--is-large\"><div class=\"wp-block-group__inner-container is-layout-constrained wp-block-group-is-layout-constrained\"><div class=\"item wysiwyg component-heading\" ><div class=\"container\">\n<h2 class=\"wp-block-heading is-style-h5\">Treat yourself to a massage<\/h2>\n<\/div><\/div>\n\n<div class=\"item wysiwyg component-paragraph\" ><div class=\"container\">\n<p><br>Enjoy a massage before October 13, 2025 and get 20% off.<\/p>\n<\/div><\/div>\n\n<div class=\"item wysiwyg component-paragraph\" ><div class=\"container\">\n<p>How do I book?<\/p>\n<\/div><\/div>\n\n<div class=\"item wysiwyg component-list\" ><div class=\"container\">\n<ul class=\"wp-block-list\">\n<li>\ud83d\udcde By phone at <a href=\"tel:1 844 694-1639\">1 844 694-1639<\/a>, by mentioning the code <strong>promo20<\/strong>.<\/li>\n\n\n\n<li>\ud83d\udcbb Online, by entering <strong>promo20<\/strong> in the notes section before finalizing your booking.<\/li>\n<\/ul>\n<\/div><\/div>\n\n<div class=\"item wysiwyg component-buttons\" ><div class=\"container\">\n<div class=\"wp-block-buttons is-layout-flex wp-block-buttons-is-layout-flex\">\n<div class=\"wp-block-button\"><a class=\"wp-block-button__link wp-element-button\" href=\"https:\/\/clients.mindbodyonline.com\/ASP\/adm\/adm_appt_search.asp?studioid=423616&amp;optForwardingLink=&amp;nLgIn=&amp;tg=&amp;lvl=&amp;catid=&amp;prodid=&amp;date=7%2F24%2F2025&amp;classid=0&amp;stype=&amp;trn=0&amp;loc=1&amp;vt=&amp;justloggedin=&amp;pMode=0&amp;view=&amp;sSU=&amp;qParam=&amp;page=&amp;prodGroupId=\" target=\"_blank\" rel=\"noreferrer noopener\">Book online<\/a><\/div>\n<\/div>\n<\/div><\/div><\/div>\n<\/div><\/div><\/div><\/div>\n<\/div>\n<\/div><\/div>\n\n<div class=\"item wysiwyg component-paragraph\" ><div class=\"container\">\n<p>A massage in a peaceful setting like Le Monast\u00e8re can be a great way to regain balance in the midst of summer&#8217;s hustle and bustle.<\/p>\n<\/div><\/div>","protected":false},"excerpt":{"rendered":"Treat yourself to a massage Enjoy a massage before October 13, 2025 and get 20% off. How do I book? A massage in a peaceful setting like Le Monast\u00e8re can be a great way to regain balance in the midst of summer&#8217;s hustle and bustle.","protected":false},"author":8,"featured_media":11280,"parent":0,"menu_order":0,"comment_status":"closed","ping_status":"closed","template":"","meta":{"_acf_changed":false,"footnotes":""},"class_list":["post-13696","page","type-page","status-publish","has-post-thumbnail","hentry"],"acf":[],"yoast_head":"<!-- This site is optimized with the Yoast SEO plugin v27.3 - https:\/\/yoast.com\/product\/yoast-seo-wordpress\/ -->\n<title>20% off massage| Le Monast\u00e8re des Augustines<\/title>\n<meta name=\"description\" content=\"Enjoy a rejuvenating massage in our peaceful haven in the heart of Old Quebec! A unique way to take care of yourself.\" \/>\n<meta name=\"robots\" content=\"index, follow, max-snippet:-1, max-image-preview:large, max-video-preview:-1\" \/>\n<link rel=\"canonical\" href=\"https:\/\/monastere.ca\/en\/20-discount-massotherapy\/\" \/>\n<meta property=\"og:locale\" content=\"en_US\" \/>\n<meta property=\"og:type\" content=\"article\" \/>\n<meta property=\"og:title\" content=\"15% discount on accommodation\" \/>\n<meta property=\"og:description\" content=\"Book early! Enjoy a rejuvenating stay in our peaceful haven in the heart of Old Quebec! A unique way to take care of yourself.\" \/>\n<meta property=\"og:url\" content=\"https:\/\/monastere.ca\/en\/20-discount-massotherapy\/\" \/>\n<meta property=\"og:site_name\" content=\"Monast\u00e8re des Augustines\" \/>\n<meta property=\"article:publisher\" content=\"https:\/\/www.facebook.com\/monastere.ca\/?locale=fr_CA\" \/>\n<meta property=\"article:modified_time\" content=\"2025-07-28T18:01:06+00:00\" \/>\n<meta property=\"og:image\" content=\"https:\/\/monastere.ca\/wp-content\/uploads\/2024\/03\/Chambre-contemporaine-09-1024x997.jpg\" \/>\n<meta name=\"twitter:card\" content=\"summary_large_image\" \/>\n<meta name=\"twitter:label1\" content=\"Est. reading time\" \/>\n\t<meta name=\"twitter:data1\" content=\"1 minute\" \/>\n<script type=\"application\/ld+json\" class=\"yoast-schema-graph\">{\"@context\":\"https:\\\/\\\/schema.org\",\"@graph\":[{\"@type\":\"WebPage\",\"@id\":\"https:\\\/\\\/monastere.ca\\\/en\\\/20-discount-massotherapy\\\/\",\"url\":\"https:\\\/\\\/monastere.ca\\\/en\\\/20-discount-massotherapy\\\/\",\"name\":\"20% off massage| Le Monast\u00e8re des Augustines\",\"isPartOf\":{\"@id\":\"https:\\\/\\\/monastere.ca\\\/en\\\/#website\"},\"primaryImageOfPage\":{\"@id\":\"https:\\\/\\\/monastere.ca\\\/en\\\/20-discount-massotherapy\\\/#primaryimage\"},\"image\":{\"@id\":\"https:\\\/\\\/monastere.ca\\\/en\\\/20-discount-massotherapy\\\/#primaryimage\"},\"thumbnailUrl\":\"https:\\\/\\\/monastere.ca\\\/wp-content\\\/uploads\\\/2024\\\/12\\\/massage.png\",\"datePublished\":\"2023-09-14T19:03:44+00:00\",\"dateModified\":\"2025-07-28T18:01:06+00:00\",\"description\":\"Enjoy a rejuvenating massage in our peaceful haven in the heart of Old Quebec! A unique way to take care of yourself.\",\"breadcrumb\":{\"@id\":\"https:\\\/\\\/monastere.ca\\\/en\\\/20-discount-massotherapy\\\/#breadcrumb\"},\"inLanguage\":\"en-US\",\"potentialAction\":[{\"@type\":\"ReadAction\",\"target\":[\"https:\\\/\\\/monastere.ca\\\/en\\\/20-discount-massotherapy\\\/\"]}]},{\"@type\":\"ImageObject\",\"inLanguage\":\"en-US\",\"@id\":\"https:\\\/\\\/monastere.ca\\\/en\\\/20-discount-massotherapy\\\/#primaryimage\",\"url\":\"https:\\\/\\\/monastere.ca\\\/wp-content\\\/uploads\\\/2024\\\/12\\\/massage.png\",\"contentUrl\":\"https:\\\/\\\/monastere.ca\\\/wp-content\\\/uploads\\\/2024\\\/12\\\/massage.png\",\"width\":700,\"height\":700},{\"@type\":\"BreadcrumbList\",\"@id\":\"https:\\\/\\\/monastere.ca\\\/en\\\/20-discount-massotherapy\\\/#breadcrumb\",\"itemListElement\":[{\"@type\":\"ListItem\",\"position\":1,\"name\":\"Accueil\",\"item\":\"https:\\\/\\\/monastere.ca\\\/en\\\/\"},{\"@type\":\"ListItem\",\"position\":2,\"name\":\"20% discount on massotherapy\"}]},{\"@type\":\"WebSite\",\"@id\":\"https:\\\/\\\/monastere.ca\\\/en\\\/#website\",\"url\":\"https:\\\/\\\/monastere.ca\\\/en\\\/\",\"name\":\"Monast\u00e8re des Augustines\",\"description\":\"Monast\u00e8re des Augustines, un havre patrimonial authentique de sant\u00e9 et de mieux-\u00eatre avec atelier, spa, mus\u00e9e, restaurant et h\u00f4tellerie au Qu\u00e9bec.\",\"publisher\":{\"@id\":\"https:\\\/\\\/monastere.ca\\\/en\\\/#organization\"},\"potentialAction\":[{\"@type\":\"SearchAction\",\"target\":{\"@type\":\"EntryPoint\",\"urlTemplate\":\"https:\\\/\\\/monastere.ca\\\/en\\\/?s={search_term_string}\"},\"query-input\":{\"@type\":\"PropertyValueSpecification\",\"valueRequired\":true,\"valueName\":\"search_term_string\"}}],\"inLanguage\":\"en-US\"},{\"@type\":\"Organization\",\"@id\":\"https:\\\/\\\/monastere.ca\\\/en\\\/#organization\",\"name\":\"Monast\u00e8re des Augustines\",\"url\":\"https:\\\/\\\/monastere.ca\\\/en\\\/\",\"logo\":{\"@type\":\"ImageObject\",\"inLanguage\":\"en-US\",\"@id\":\"https:\\\/\\\/monastere.ca\\\/en\\\/#\\\/schema\\\/logo\\\/image\\\/\",\"url\":\"https:\\\/\\\/monastere.ca\\\/wp-content\\\/uploads\\\/2023\\\/07\\\/logo-monastere.svg\",\"contentUrl\":\"https:\\\/\\\/monastere.ca\\\/wp-content\\\/uploads\\\/2023\\\/07\\\/logo-monastere.svg\",\"width\":1,\"height\":1,\"caption\":\"Monast\u00e8re des Augustines\"},\"image\":{\"@id\":\"https:\\\/\\\/monastere.ca\\\/en\\\/#\\\/schema\\\/logo\\\/image\\\/\"},\"sameAs\":[\"https:\\\/\\\/www.facebook.com\\\/monastere.ca\\\/?locale=fr_CA\",\"https:\\\/\\\/www.instagram.com\\\/lemonasteredesaugustines\\\/\",\"https:\\\/\\\/www.linkedin.com\\\/company\\\/le-monastere-des-augustines\\\/?originalSubdomain=ca\",\"https:\\\/\\\/fr.tripadvisor.ca\\\/Hotel_Review-g155033-d8460643-Reviews-Le_Monastere_des_Augustines-Quebec_City_Quebec.html\"]}]}<\/script>\n<!-- \/ Yoast SEO plugin. -->","yoast_head_json":{"title":"20% off massage| Le Monast\u00e8re des Augustines","description":"Enjoy a rejuvenating massage in our peaceful haven in the heart of Old Quebec! A unique way to take care of yourself.","robots":{"index":"index","follow":"follow","max-snippet":"max-snippet:-1","max-image-preview":"max-image-preview:large","max-video-preview":"max-video-preview:-1"},"canonical":"https:\/\/monastere.ca\/en\/20-discount-massotherapy\/","og_locale":"en_US","og_type":"article","og_title":"15% discount on accommodation","og_description":"Book early! Enjoy a rejuvenating stay in our peaceful haven in the heart of Old Quebec! A unique way to take care of yourself.","og_url":"https:\/\/monastere.ca\/en\/20-discount-massotherapy\/","og_site_name":"Monast\u00e8re des Augustines","article_publisher":"https:\/\/www.facebook.com\/monastere.ca\/?locale=fr_CA","article_modified_time":"2025-07-28T18:01:06+00:00","og_image":[{"url":"https:\/\/monastere.ca\/wp-content\/uploads\/2024\/03\/Chambre-contemporaine-09-1024x997.jpg","type":"","width":"","height":""}],"twitter_card":"summary_large_image","twitter_misc":{"Est. reading time":"1 minute"},"schema":{"@context":"https:\/\/schema.org","@graph":[{"@type":"WebPage","@id":"https:\/\/monastere.ca\/en\/20-discount-massotherapy\/","url":"https:\/\/monastere.ca\/en\/20-discount-massotherapy\/","name":"20% off massage| Le Monast\u00e8re des Augustines","isPartOf":{"@id":"https:\/\/monastere.ca\/en\/#website"},"primaryImageOfPage":{"@id":"https:\/\/monastere.ca\/en\/20-discount-massotherapy\/#primaryimage"},"image":{"@id":"https:\/\/monastere.ca\/en\/20-discount-massotherapy\/#primaryimage"},"thumbnailUrl":"https:\/\/monastere.ca\/wp-content\/uploads\/2024\/12\/massage.png","datePublished":"2023-09-14T19:03:44+00:00","dateModified":"2025-07-28T18:01:06+00:00","description":"Enjoy a rejuvenating massage in our peaceful haven in the heart of Old Quebec! A unique way to take care of yourself.","breadcrumb":{"@id":"https:\/\/monastere.ca\/en\/20-discount-massotherapy\/#breadcrumb"},"inLanguage":"en-US","potentialAction":[{"@type":"ReadAction","target":["https:\/\/monastere.ca\/en\/20-discount-massotherapy\/"]}]},{"@type":"ImageObject","inLanguage":"en-US","@id":"https:\/\/monastere.ca\/en\/20-discount-massotherapy\/#primaryimage","url":"https:\/\/monastere.ca\/wp-content\/uploads\/2024\/12\/massage.png","contentUrl":"https:\/\/monastere.ca\/wp-content\/uploads\/2024\/12\/massage.png","width":700,"height":700},{"@type":"BreadcrumbList","@id":"https:\/\/monastere.ca\/en\/20-discount-massotherapy\/#breadcrumb","itemListElement":[{"@type":"ListItem","position":1,"name":"Accueil","item":"https:\/\/monastere.ca\/en\/"},{"@type":"ListItem","position":2,"name":"20% discount on massotherapy"}]},{"@type":"WebSite","@id":"https:\/\/monastere.ca\/en\/#website","url":"https:\/\/monastere.ca\/en\/","name":"Monast\u00e8re des Augustines","description":"Monast\u00e8re des Augustines, un havre patrimonial authentique de sant\u00e9 et de mieux-\u00eatre avec atelier, spa, mus\u00e9e, restaurant et h\u00f4tellerie au Qu\u00e9bec.","publisher":{"@id":"https:\/\/monastere.ca\/en\/#organization"},"potentialAction":[{"@type":"SearchAction","target":{"@type":"EntryPoint","urlTemplate":"https:\/\/monastere.ca\/en\/?s={search_term_string}"},"query-input":{"@type":"PropertyValueSpecification","valueRequired":true,"valueName":"search_term_string"}}],"inLanguage":"en-US"},{"@type":"Organization","@id":"https:\/\/monastere.ca\/en\/#organization","name":"Monast\u00e8re des Augustines","url":"https:\/\/monastere.ca\/en\/","logo":{"@type":"ImageObject","inLanguage":"en-US","@id":"https:\/\/monastere.ca\/en\/#\/schema\/logo\/image\/","url":"https:\/\/monastere.ca\/wp-content\/uploads\/2023\/07\/logo-monastere.svg","contentUrl":"https:\/\/monastere.ca\/wp-content\/uploads\/2023\/07\/logo-monastere.svg","width":1,"height":1,"caption":"Monast\u00e8re des Augustines"},"image":{"@id":"https:\/\/monastere.ca\/en\/#\/schema\/logo\/image\/"},"sameAs":["https:\/\/www.facebook.com\/monastere.ca\/?locale=fr_CA","https:\/\/www.instagram.com\/lemonasteredesaugustines\/","https:\/\/www.linkedin.com\/company\/le-monastere-des-augustines\/?originalSubdomain=ca","https:\/\/fr.tripadvisor.ca\/Hotel_Review-g155033-d8460643-Reviews-Le_Monastere_des_Augustines-Quebec_City_Quebec.html"]}]}},"publishpress_future_workflow_manual_trigger":{"enabledWorkflows":[]},"_links":{"self":[{"href":"https:\/\/monastere.ca\/en\/wp-json\/wp\/v2\/pages\/13696","targetHints":{"allow":["GET"]}}],"collection":[{"href":"https:\/\/monastere.ca\/en\/wp-json\/wp\/v2\/pages"}],"about":[{"href":"https:\/\/monastere.ca\/en\/wp-json\/wp\/v2\/types\/page"}],"author":[{"embeddable":true,"href":"https:\/\/monastere.ca\/en\/wp-json\/wp\/v2\/users\/8"}],"replies":[{"embeddable":true,"href":"https:\/\/monastere.ca\/en\/wp-json\/wp\/v2\/comments?post=13696"}],"version-history":[{"count":9,"href":"https:\/\/monastere.ca\/en\/wp-json\/wp\/v2\/pages\/13696\/revisions"}],"predecessor-version":[{"id":13723,"href":"https:\/\/monastere.ca\/en\/wp-json\/wp\/v2\/pages\/13696\/revisions\/13723"}],"wp:featuredmedia":[{"embeddable":true,"href":"https:\/\/monastere.ca\/en\/wp-json\/wp\/v2\/media\/11280"}],"wp:attachment":[{"href":"https:\/\/monastere.ca\/en\/wp-json\/wp\/v2\/media?parent=13696"}],"curies":[{"name":"wp","href":"https:\/\/api.w.org\/{rel}","templated":true}]}}